{"id":2,"date":"2024-10-04T12:16:27","date_gmt":"2024-10-04T10:16:27","guid":{"rendered":"https:\/\/finesolution.sk\/?page_id=2"},"modified":"2026-03-17T19:47:01","modified_gmt":"2026-03-17T18:47:01","slug":"ukazkova-stranka","status":"publish","type":"page","link":"https:\/\/finesolution.sk\/","title":{"rendered":"O N\u00e1s"},"content":{"rendered":"\n<div class=\"wp-block-group has-background-color has-text-color has-background has-link-color has-medium-font-size wp-elements-d7d19bd1a79de086a40c4cbd93d372fd has-global-padding is-content-justification-center is-layout-constrained wp-container-core-group-is-layout-93c77b17 wp-block-group-is-layout-constrained\" style=\"border-style:none;border-width:0px;border-radius:0px;background-color:#0000009c;margin-top:0;margin-bottom:0;padding-top:0px;padding-right:0px;padding-bottom:0px;padding-left:0px\">\n<p>FINE Solution s.r.o. je in\u017einierska spolo\u010dnos\u0165, ktor\u00e1 stavia na 15 ro\u010dn\u00fdch z\u00e1kladoch odbornosti a\u00a0sk\u00fasenosti v\u00a0automotive priemysle.<\/p>\n\n\n\n<p>Od 3.marca 2026 m\u00e1me certifikovan\u00fd syst\u00e9m mana\u017e\u00e9rstva kvality ISO 9001<\/p>\n\n\n\n<p>N\u00e1\u0161 t\u00edm tvoria vysokokvalifikovan\u00ed odborn\u00edci, ktor\u00ed disponuj\u00fa technick\u00fdmi znalos\u0165ami a&nbsp;modern\u00fdm pr\u00edstupom k&nbsp;rie\u0161eniu aj t\u00fdch najn\u00e1ro\u010dnej\u0161\u00edch technick\u00fdch v\u00fdziev.<br>Tieto sk\u00fasenosti dok\u00e1\u017eeme pretavi\u0165&nbsp; aj do ostatn\u00fdch priemyseln\u00fdch odvetv\u00ed.<\/p>\n\n\n\n<p>S&nbsp;na\u0161imi sk\u00fasenos\u0165ami a&nbsp;technick\u00fdmi zru\u010dnos\u0165ami sme schopn\u00ed zabezpe\u010di\u0165 komplexn\u00e9 slu\u017eby od n\u00e1vrhu cez v\u00fdrobu a\u017e po in\u0161tal\u00e1ciu a&nbsp;servis zariaden\u00ed.<\/p>\n\n\n\n<p>Na\u0161ou prioritou je budova\u0165 dlhodob\u00e9 partnerstv\u00e1 so z\u00e1kazn\u00edkmi zalo\u017een\u00e9 na d\u00f4vere, profesionalite a\u00a0individu\u00e1lnom pr\u00edstupe.<\/p>\n\n\n\n<p>Samozrejmos\u0165ou je vypracovanie a\u00a0odovzdanie kompletnej technickej dokument\u00e1cie vr\u00e1tane bezpe\u010dnostn\u00fdch po\u017eiadaviek v\u00a0spolupr\u00e1ci z\u00a0T\u00dcV S\u00dcD alebo TI.<\/p>\n<\/div>\n\n\n\n<div style=\"height:100px\" aria-hidden=\"true\" class=\"wp-block-spacer\"><\/div>\n\n\n\n<p><\/p>\n","protected":false},"excerpt":{"rendered":"<p>FINE Solution s.r.o. je in\u017einierska spolo\u010dnos\u0165, ktor\u00e1 stavia na 15 ro\u010dn\u00fdch z\u00e1kladoch odbornosti a\u00a0sk\u00fasenosti v\u00a0automotive priemysle. Od 3.marca 2026 m\u00e1me certifikovan\u00fd syst\u00e9m mana\u017e\u00e9rstva kvality ISO 9001 N\u00e1\u0161 t\u00edm tvoria vysokokvalifikovan\u00ed odborn\u00edci, ktor\u00ed disponuj\u00fa technick\u00fdmi znalos\u0165ami a&nbsp;modern\u00fdm pr\u00edstupom k&nbsp;rie\u0161eniu aj t\u00fdch najn\u00e1ro\u010dnej\u0161\u00edch technick\u00fdch v\u00fdziev.Tieto sk\u00fasenosti dok\u00e1\u017eeme pretavi\u0165&nbsp; aj do ostatn\u00fdch priemyseln\u00fdch odvetv\u00ed. S&nbsp;na\u0161imi sk\u00fasenos\u0165ami a&nbsp;technick\u00fdmi zru\u010dnos\u0165ami [&hellip;]<\/p>\n","protected":false},"author":1,"featured_media":322,"parent":0,"menu_order":0,"comment_status":"closed","ping_status":"closed","template":"","meta":{"advgb_blocks_editor_width":"","advgb_blocks_columns_visual_guide":"","footnotes":""},"class_list":["post-2","page","type-page","status-publish","has-post-thumbnail","hentry"],"yoast_head":"<!-- This site is optimized with the Yoast SEO plugin v27.4 - https:\/\/yoast.com\/product\/yoast-seo-wordpress\/ -->\n<title>O N\u00e1s - FINE Solution s.r.o.<\/title>\n<meta name=\"robots\" content=\"index, follow, max-snippet:-1, max-image-preview:large, max-video-preview:-1\" \/>\n<link rel=\"canonical\" href=\"https:\/\/finesolution.sk\/\" \/>\n<meta property=\"og:locale\" content=\"sk_SK\" \/>\n<meta property=\"og:type\" content=\"article\" \/>\n<meta property=\"og:title\" content=\"O N\u00e1s - FINE Solution s.r.o.\" \/>\n<meta property=\"og:description\" content=\"FINE Solution s.r.o. je in\u017einierska spolo\u010dnos\u0165, ktor\u00e1 stavia na 15 ro\u010dn\u00fdch z\u00e1kladoch odbornosti a\u00a0sk\u00fasenosti v\u00a0automotive priemysle. Od 3.marca 2026 m\u00e1me certifikovan\u00fd syst\u00e9m mana\u017e\u00e9rstva kvality ISO 9001 N\u00e1\u0161 t\u00edm tvoria vysokokvalifikovan\u00ed odborn\u00edci, ktor\u00ed disponuj\u00fa technick\u00fdmi znalos\u0165ami a&nbsp;modern\u00fdm pr\u00edstupom k&nbsp;rie\u0161eniu aj t\u00fdch najn\u00e1ro\u010dnej\u0161\u00edch technick\u00fdch v\u00fdziev.Tieto sk\u00fasenosti dok\u00e1\u017eeme pretavi\u0165&nbsp; aj do ostatn\u00fdch priemyseln\u00fdch odvetv\u00ed. S&nbsp;na\u0161imi sk\u00fasenos\u0165ami a&nbsp;technick\u00fdmi zru\u010dnos\u0165ami [&hellip;]\" \/>\n<meta property=\"og:url\" content=\"https:\/\/finesolution.sk\/\" \/>\n<meta property=\"og:site_name\" content=\"FINE Solution s.r.o.\" \/>\n<meta property=\"article:modified_time\" content=\"2026-03-17T18:47:01+00:00\" \/>\n<meta property=\"og:image\" content=\"https:\/\/finesolution.sk\/wp-content\/uploads\/2026\/03\/handshake_big.jpg\" \/>\n\t<meta property=\"og:image:width\" content=\"1280\" \/>\n\t<meta property=\"og:image:height\" content=\"853\" \/>\n\t<meta property=\"og:image:type\" content=\"image\/jpeg\" \/>\n<meta name=\"twitter:card\" content=\"summary_large_image\" \/>\n<meta name=\"twitter:label1\" content=\"Predpokladan\u00fd \u010das \u010d\u00edtania\" \/>\n\t<meta name=\"twitter:data1\" content=\"1 min\u00fata\" \/>\n<script type=\"application\/ld+json\" class=\"yoast-schema-graph\">{\"@context\":\"https:\\\/\\\/schema.org\",\"@graph\":[{\"@type\":\"WebPage\",\"@id\":\"https:\\\/\\\/finesolution.sk\\\/\",\"url\":\"https:\\\/\\\/finesolution.sk\\\/\",\"name\":\"O N\u00e1s - FINE Solution s.r.o.\",\"isPartOf\":{\"@id\":\"https:\\\/\\\/finesolution.sk\\\/#website\"},\"primaryImageOfPage\":{\"@id\":\"https:\\\/\\\/finesolution.sk\\\/#primaryimage\"},\"image\":{\"@id\":\"https:\\\/\\\/finesolution.sk\\\/#primaryimage\"},\"thumbnailUrl\":\"https:\\\/\\\/finesolution.sk\\\/wp-content\\\/uploads\\\/2026\\\/03\\\/handshake_big.jpg\",\"datePublished\":\"2024-10-04T10:16:27+00:00\",\"dateModified\":\"2026-03-17T18:47:01+00:00\",\"breadcrumb\":{\"@id\":\"https:\\\/\\\/finesolution.sk\\\/#breadcrumb\"},\"inLanguage\":\"sk-SK\",\"potentialAction\":[{\"@type\":\"ReadAction\",\"target\":[\"https:\\\/\\\/finesolution.sk\\\/\"]}]},{\"@type\":\"ImageObject\",\"inLanguage\":\"sk-SK\",\"@id\":\"https:\\\/\\\/finesolution.sk\\\/#primaryimage\",\"url\":\"https:\\\/\\\/finesolution.sk\\\/wp-content\\\/uploads\\\/2026\\\/03\\\/handshake_big.jpg\",\"contentUrl\":\"https:\\\/\\\/finesolution.sk\\\/wp-content\\\/uploads\\\/2026\\\/03\\\/handshake_big.jpg\",\"width\":1280,\"height\":853},{\"@type\":\"BreadcrumbList\",\"@id\":\"https:\\\/\\\/finesolution.sk\\\/#breadcrumb\",\"itemListElement\":[{\"@type\":\"ListItem\",\"position\":1,\"name\":\"Home\",\"item\":\"https:\\\/\\\/finesolution.sk\\\/\"},{\"@type\":\"ListItem\",\"position\":2,\"name\":\"O N\u00e1s\"}]},{\"@type\":\"WebSite\",\"@id\":\"https:\\\/\\\/finesolution.sk\\\/#website\",\"url\":\"https:\\\/\\\/finesolution.sk\\\/\",\"name\":\"FINE Solution s.r.o.\",\"description\":\"Po\u010fme spolu n\u00e1js\u0165 FINE rie\u0161enie\",\"publisher\":{\"@id\":\"https:\\\/\\\/finesolution.sk\\\/#organization\"},\"potentialAction\":[{\"@type\":\"SearchAction\",\"target\":{\"@type\":\"EntryPoint\",\"urlTemplate\":\"https:\\\/\\\/finesolution.sk\\\/?s={search_term_string}\"},\"query-input\":{\"@type\":\"PropertyValueSpecification\",\"valueRequired\":true,\"valueName\":\"search_term_string\"}}],\"inLanguage\":\"sk-SK\"},{\"@type\":\"Organization\",\"@id\":\"https:\\\/\\\/finesolution.sk\\\/#organization\",\"name\":\"FINE Solution s.r.o.\",\"url\":\"https:\\\/\\\/finesolution.sk\\\/\",\"logo\":{\"@type\":\"ImageObject\",\"inLanguage\":\"sk-SK\",\"@id\":\"https:\\\/\\\/finesolution.sk\\\/#\\\/schema\\\/logo\\\/image\\\/\",\"url\":\"https:\\\/\\\/finesolution.sk\\\/wp-content\\\/uploads\\\/2024\\\/10\\\/FINE_Solution_logo.png\",\"contentUrl\":\"https:\\\/\\\/finesolution.sk\\\/wp-content\\\/uploads\\\/2024\\\/10\\\/FINE_Solution_logo.png\",\"width\":1300,\"height\":500,\"caption\":\"FINE Solution s.r.o.\"},\"image\":{\"@id\":\"https:\\\/\\\/finesolution.sk\\\/#\\\/schema\\\/logo\\\/image\\\/\"}}]}<\/script>\n<!-- \/ Yoast SEO plugin. -->","yoast_head_json":{"title":"O N\u00e1s - FINE Solution s.r.o.","robots":{"index":"index","follow":"follow","max-snippet":"max-snippet:-1","max-image-preview":"max-image-preview:large","max-video-preview":"max-video-preview:-1"},"canonical":"https:\/\/finesolution.sk\/","og_locale":"sk_SK","og_type":"article","og_title":"O N\u00e1s - FINE Solution s.r.o.","og_description":"FINE Solution s.r.o. je in\u017einierska spolo\u010dnos\u0165, ktor\u00e1 stavia na 15 ro\u010dn\u00fdch z\u00e1kladoch odbornosti a\u00a0sk\u00fasenosti v\u00a0automotive priemysle. Od 3.marca 2026 m\u00e1me certifikovan\u00fd syst\u00e9m mana\u017e\u00e9rstva kvality ISO 9001 N\u00e1\u0161 t\u00edm tvoria vysokokvalifikovan\u00ed odborn\u00edci, ktor\u00ed disponuj\u00fa technick\u00fdmi znalos\u0165ami a&nbsp;modern\u00fdm pr\u00edstupom k&nbsp;rie\u0161eniu aj t\u00fdch najn\u00e1ro\u010dnej\u0161\u00edch technick\u00fdch v\u00fdziev.Tieto sk\u00fasenosti dok\u00e1\u017eeme pretavi\u0165&nbsp; aj do ostatn\u00fdch priemyseln\u00fdch odvetv\u00ed. S&nbsp;na\u0161imi sk\u00fasenos\u0165ami a&nbsp;technick\u00fdmi zru\u010dnos\u0165ami [&hellip;]","og_url":"https:\/\/finesolution.sk\/","og_site_name":"FINE Solution s.r.o.","article_modified_time":"2026-03-17T18:47:01+00:00","og_image":[{"width":1280,"height":853,"url":"https:\/\/finesolution.sk\/wp-content\/uploads\/2026\/03\/handshake_big.jpg","type":"image\/jpeg"}],"twitter_card":"summary_large_image","twitter_misc":{"Predpokladan\u00fd \u010das \u010d\u00edtania":"1 min\u00fata"},"schema":{"@context":"https:\/\/schema.org","@graph":[{"@type":"WebPage","@id":"https:\/\/finesolution.sk\/","url":"https:\/\/finesolution.sk\/","name":"O N\u00e1s - FINE Solution s.r.o.","isPartOf":{"@id":"https:\/\/finesolution.sk\/#website"},"primaryImageOfPage":{"@id":"https:\/\/finesolution.sk\/#primaryimage"},"image":{"@id":"https:\/\/finesolution.sk\/#primaryimage"},"thumbnailUrl":"https:\/\/finesolution.sk\/wp-content\/uploads\/2026\/03\/handshake_big.jpg","datePublished":"2024-10-04T10:16:27+00:00","dateModified":"2026-03-17T18:47:01+00:00","breadcrumb":{"@id":"https:\/\/finesolution.sk\/#breadcrumb"},"inLanguage":"sk-SK","potentialAction":[{"@type":"ReadAction","target":["https:\/\/finesolution.sk\/"]}]},{"@type":"ImageObject","inLanguage":"sk-SK","@id":"https:\/\/finesolution.sk\/#primaryimage","url":"https:\/\/finesolution.sk\/wp-content\/uploads\/2026\/03\/handshake_big.jpg","contentUrl":"https:\/\/finesolution.sk\/wp-content\/uploads\/2026\/03\/handshake_big.jpg","width":1280,"height":853},{"@type":"BreadcrumbList","@id":"https:\/\/finesolution.sk\/#breadcrumb","itemListElement":[{"@type":"ListItem","position":1,"name":"Home","item":"https:\/\/finesolution.sk\/"},{"@type":"ListItem","position":2,"name":"O N\u00e1s"}]},{"@type":"WebSite","@id":"https:\/\/finesolution.sk\/#website","url":"https:\/\/finesolution.sk\/","name":"FINE Solution s.r.o.","description":"Po\u010fme spolu n\u00e1js\u0165 FINE rie\u0161enie","publisher":{"@id":"https:\/\/finesolution.sk\/#organization"},"potentialAction":[{"@type":"SearchAction","target":{"@type":"EntryPoint","urlTemplate":"https:\/\/finesolution.sk\/?s={search_term_string}"},"query-input":{"@type":"PropertyValueSpecification","valueRequired":true,"valueName":"search_term_string"}}],"inLanguage":"sk-SK"},{"@type":"Organization","@id":"https:\/\/finesolution.sk\/#organization","name":"FINE Solution s.r.o.","url":"https:\/\/finesolution.sk\/","logo":{"@type":"ImageObject","inLanguage":"sk-SK","@id":"https:\/\/finesolution.sk\/#\/schema\/logo\/image\/","url":"https:\/\/finesolution.sk\/wp-content\/uploads\/2024\/10\/FINE_Solution_logo.png","contentUrl":"https:\/\/finesolution.sk\/wp-content\/uploads\/2024\/10\/FINE_Solution_logo.png","width":1300,"height":500,"caption":"FINE Solution s.r.o."},"image":{"@id":"https:\/\/finesolution.sk\/#\/schema\/logo\/image\/"}}]}},"coauthors":[],"author_meta":{"author_link":"https:\/\/finesolution.sk\/?author=1","display_name":"Fines"},"relative_dates":{"created":"Posted 2 roky ago","modified":"Updated 1 mesiac ago"},"absolute_dates":{"created":"Posted on 4. okt\u00f3bra 2024","modified":"Updated on 17. marca 2026"},"absolute_dates_time":{"created":"Posted on 4. okt\u00f3bra 2024 12:16","modified":"Updated on 17. marca 2026 19:47"},"featured_img_caption":"","featured_img":"https:\/\/finesolution.sk\/wp-content\/uploads\/2026\/03\/handshake_big.jpg","series_order":"","_links":{"self":[{"href":"https:\/\/finesolution.sk\/index.php?rest_route=\/wp\/v2\/pages\/2","targetHints":{"allow":["GET"]}}],"collection":[{"href":"https:\/\/finesolution.sk\/index.php?rest_route=\/wp\/v2\/pages"}],"about":[{"href":"https:\/\/finesolution.sk\/index.php?rest_route=\/wp\/v2\/types\/page"}],"author":[{"embeddable":true,"href":"https:\/\/finesolution.sk\/index.php?rest_route=\/wp\/v2\/users\/1"}],"replies":[{"embeddable":true,"href":"https:\/\/finesolution.sk\/index.php?rest_route=%2Fwp%2Fv2%2Fcomments&post=2"}],"version-history":[{"count":6,"href":"https:\/\/finesolution.sk\/index.php?rest_route=\/wp\/v2\/pages\/2\/revisions"}],"predecessor-version":[{"id":381,"href":"https:\/\/finesolution.sk\/index.php?rest_route=\/wp\/v2\/pages\/2\/revisions\/381"}],"wp:featuredmedia":[{"embeddable":true,"href":"https:\/\/finesolution.sk\/index.php?rest_route=\/wp\/v2\/media\/322"}],"wp:attachment":[{"href":"https:\/\/finesolution.sk\/index.php?rest_route=%2Fwp%2Fv2%2Fmedia&parent=2"}],"curies":[{"name":"wp","href":"https:\/\/api.w.org\/{rel}","templated":true}]}}