{"id":212,"date":"2024-10-11T18:52:34","date_gmt":"2024-10-11T16:52:34","guid":{"rendered":"https:\/\/finesolution.sk\/?page_id=212"},"modified":"2026-03-17T22:29:44","modified_gmt":"2026-03-17T21:29:44","slug":"ochrana-osobnych-udajov","status":"publish","type":"page","link":"https:\/\/finesolution.sk\/?page_id=212","title":{"rendered":"Ochrana osobn\u00fdch \u00fadajov"},"content":{"rendered":"\n<p><\/p>\n\n\n\n<div class=\"wp-block-group has-background-color has-text-color has-background has-link-color has-small-font-size wp-elements-99faca445e503c90966f52f869057284 has-global-padding is-content-justification-center is-layout-constrained wp-container-core-group-is-layout-5390cdcf wp-block-group-is-layout-constrained\" style=\"background-color:#0000009c;margin-top:0;margin-bottom:0;padding-top:20px;padding-right:20px;padding-bottom:20px;padding-left:20px\">\n<pre class=\"wp-block-preformatted has-manrope-font-family has-small-font-size\" style=\"font-style:normal;font-weight:400;line-height:1.2\">Z\u00e1sady spracovania osobn\u00fdch \u00fadajov a syst\u00e9m ochrany osobn\u00fdch \u00fadajov pod\u013ea nariadenia GDPR vypracovan\u00e9 v s\u00falade s nariaden\u00edm Eur\u00f3pskeho parlamentu a Rady (E\u00da) 2016\/679 o ochrane fyzick\u00fdch os\u00f4b pri sprac\u00favan\u00ed osobn\u00fdch \u00fadajov a o vo\u013enom pohybe tak\u00fdchto \u00fadajov v zmysle \u010dl\u00e1nku 13 a 14 Nariadenia (\u010falej len \u201eGDPR\u201c)  a z\u00e1konom \u010d. 18\/2018 Z. z. o ochrane osobn\u00fdch \u00fadajov (\u010falej len \u201eZ\u00e1kon o ochrane osobn\u00fdch \u00fadajov\u201c)<br>Prev\u00e1dzkovate\u013e:<br><br>FINE Solution s.r.o.<br>Pod Vinohradmi 678\/50<br>919 24, Kri\u017eovany nad Dudv\u00e1hom<br><br>I\u010cO: 56567413<br>Tel. \u010d.: +421 911 933 204<br>e-mail: info@finesolution.sk<br><br><strong><em>\u010co je osobn\u00fd \u00fadaj?<\/em><\/strong><br><br>Osobn\u00fdmi \u00fadajmi s\u00fa \u00fadaje t\u00fdkaj\u00face sa identifikovanej fyzickej osoby, alebo identifikovate\u013enej fyzickej osoby, ktor\u00fa mo\u017eno identifikova\u0165 priamo alebo nepriamo, najm\u00e4 na z\u00e1klade v\u0161eobecne pou\u017eite\u013en\u00e9ho identifik\u00e1tora, in\u00e9ho identifik\u00e1tora ako je napr\u00edklad meno, priezvisko, identifika\u010dn\u00e9 \u010d\u00edslo, lokaliza\u010dn\u00e9 \u00fadaje, alebo online identifik\u00e1tor, alebo na z\u00e1klade jednej alebo viacer\u00fdch charakterist\u00edk alebo znakov, ktor\u00e9 tvoria jej fyzick\u00fa identitu, fyziologick\u00fa identitu, genetick\u00fa identitu, psychick\u00fa identitu, ment\u00e1lnu identitu, ekonomick\u00fa identitu, kult\u00farnu identitu alebo soci\u00e1lnu identitu.<br><br><strong><em>\u010co je sprac\u00favanie osobn\u00fdch \u00fadajov?<\/em><\/strong><br><br>Sprac\u00favan\u00edm osobn\u00fdch \u00fadajov je spracovate\u013esk\u00e1 oper\u00e1cia alebo s\u00fabor spracovate\u013esk\u00fdch oper\u00e1ci\u00ed s osobn\u00fdmi \u00fadajmi alebo s\u00fabormi osobn\u00fdch \u00fadajov, najm\u00e4 z\u00edskavanie, zaznamen\u00e1vanie, usporad\u00favanie, \u0161trukt\u00farovanie, uchov\u00e1vanie, zmena, vyh\u013ead\u00e1vanie, prehliadanie, vyu\u017e\u00edvanie, poskytovanie prenosom, \u0161\u00edren\u00edm alebo in\u00fdm sp\u00f4sobom, preskupovanie alebo kombinovanie, obmedzenie, vymazanie, bez oh\u013eadu na to, \u010di sa vykon\u00e1va automatizovan\u00fdmi prostriedkami alebo neautomatizovan\u00fdmi prostriedkami.<br><br>Prev\u00e1dzkovate\u013e  (Spr\u00e1vca)  nem\u00e1 povinnos\u0165 vymenova\u0165\/ur\u010di\u0165  Zodpovedn\u00fa Osobu.<br><br><strong><em>Zdroje a kateg\u00f3rie osobn\u00fdch \u00fadajov<\/em><br><\/strong><br>Prev\u00e1dzkovate\u013e spracov\u00e1va osobn\u00e9 \u00fadaje (priamo od v\u00e1s), ktor\u00e9 ste mu poskytli alebo osobn\u00e9 \u00fadaje ktor\u00e9 z\u00edskal na z\u00e1klade plnenia Va\u0161ej objedn\u00e1vky.<br><br>Va\u0161e identifika\u010dn\u00e9 a kontaktn\u00e9 \u00fadaje a \u00fadaje nevyhnutn\u00e9 na plnenie zmluvy.<br><br><strong><em>Z\u00e1konn\u00fd d\u00f4vod a \u00fa\u010del spracovania<\/em><\/strong><br><br>Z\u00e1konn\u00fdm d\u00f4vodom spracovania je:<br><br>V\u00e1\u0161 s\u00fahlas so spracovan\u00edm osobn\u00fdch \u00fadajov na \u00fa\u010dely poskytovania priameho marketingu pod\u013ea \u010dl\u00e1nku 6 ods.1 p\u00edsmeno a) GDPR<br><br>Plnenie zmluvy medzi Vami a prev\u00e1dzkovate\u013eom pod\u013ea \u010dl\u00e1nku 6 ods.1 p\u00edsmeno b) GDPR<br><br>Sprac\u00favanie je nevyhnutn\u00e9 na plnenie z\u00e1konnej povinnosti prev\u00e1dzkovate\u013ea pod\u013ea \u010dl\u00e1nku 6 ods. 1 p\u00edsmena c) GDPR<br><br>\u00da\u010delom spracovania osobn\u00fdch \u00fadajov je :<br><br>Vybavenie Va\u0161ej objedn\u00e1vky a v\u00fdkon pr\u00e1v a povinnost\u00ed vypl\u00fdvaj\u00facich zo zmluvn\u00e9ho vz\u0165ahu medzi Vami a prev\u00e1dzkovate\u013eom. Pri objedn\u00e1vke s\u00fa vy\u017eadovan\u00e9 osobn\u00e9 \u00fadaje nevyhnutn\u00e9 pre \u00faspe\u0161n\u00e9 vybavenie objedn\u00e1vky pod\u013ea \u010dl. 6 ods. 1 p\u00edsm. b) Nariadenia (s t\u00fdm s\u00favis\u00ed aj n\u00e1sledn\u00e9 uskuto\u010dnenie platby, dodanie slu\u017eby, vybavovanie reklam\u00e1cie a pod.); sprac\u00favanie osobn\u00fdch \u00fadajov z\u00e1kazn\u00edka prebieha bez s\u00fahlasu z\u00e1kazn\u00edka, nako\u013eko pr\u00e1vnym z\u00e1kladom sprac\u00favania jeho osobn\u00fdch \u00fadajov na \u00fa\u010dely plnenia zmluvy je konkr\u00e9tna objedn\u00e1vka medzi z\u00e1kazn\u00edkom a prev\u00e1dzkovate\u013eom. Poskytnutie osobn\u00fdch \u00fadajov je nevyhnutn\u00e1 po\u017eiadavka na uzatvorenie a plnenie objedn\u00e1vky, bez poskytnutia osobn\u00fdch \u00fadajov nie je mo\u017en\u00e9 vytvori\u0165 objedn\u00e1vku \u010di zo strany prev\u00e1dzkovate\u013ea plni\u0165 jej podmienky.<br><br>Poskytnutie dohodnutej slu\u017eby v oblasti stroj\u00e1rskej v\u00fdroby.<br><br>Prev\u00e1dzkovate\u013e prehlasuje, \u017ee so z\u00e1znamami \u017eiadnym sp\u00f4sobom nepracuje a neposkytuje ich tret\u00edm osob\u00e1m \u010di subjektom.<br><br><strong><em>Doba uchov\u00e1vania<\/em><br><\/strong><br>Prev\u00e1dzkovate\u013e uchov\u00e1va osobn\u00e9 \u00fadaje:<br><br>Po dobu nevyhnutn\u00fa k v\u00fdkonu pr\u00e1v a povinnost\u00ed vypl\u00fdvaj\u00facich zo zmluvn\u00e9ho vz\u0165ahu medzi Vami a prev\u00e1dzkovate\u013eom a uplat\u0148ovania n\u00e1roku vypl\u00fdvaj\u00faceho  z t\u00fdchto zmluvn\u00fdch vz\u0165ahov .<br><br>Po dobu ne\u017e je odvolan\u00fd s\u00fahlas so spracovan\u00edm osobn\u00fdch \u00fadajov pre \u00fa\u010dely marketingu<br><br>Po uplynut\u00ed doby uchov\u00e1vania osobn\u00fdch \u00fadajov ktor\u00e1 vypl\u00fdva zo z\u00e1kona \u010d. 395\/2002 Z. z. Z\u00e1kon o arch\u00edvoch a registrat\u00farach a o doplnen\u00ed niektor\u00fdch z\u00e1konov prev\u00e1dzkovate\u013e osobn\u00e9 \u00fadaje vyma\u017ee<br><br><strong><em>Pr\u00edjemcovia osobn\u00fdch \u00fadajov<\/em><\/strong><br><br>Kto je pr\u00edjemca?<br><br>Pr\u00edjemcom je ka\u017ed\u00fd, komu sa osobn\u00e9 \u00fadaje poskytn\u00fa bez oh\u013eadu na to, \u010di je tre\u0165ou stranou. Za pr\u00edjemcu sa nepova\u017euje org\u00e1n verejnej moci, ktor\u00fd sprac\u00fava osobn\u00e9 \u00fadaje na z\u00e1klade osobitn\u00e9ho predpisu.<br><br>S\u00fa osoby ktor\u00e9 sa  podie\u013eaj\u00fa na dodan\u00ed tovaru, slu\u017eieb, realiz\u00e1cii platieb na z\u00e1klade zmluvy<br><br>Prev\u00e1dzkovate\u013e neposkytuje, nezverej\u0148uje  a nespr\u00edstup\u0148uje osobn\u00e9 \u00fadaje do tret\u00edch kraj\u00edn<br><br><strong>Podmienky zabezpe\u010denia osobn\u00fdch \u00fadajov<\/strong><br><br>Prev\u00e1dzkovate\u013e prehlasuje, \u017ee prijal vhodn\u00e9 person\u00e1lne, technick\u00e9 a organiza\u010dn\u00e9 opatrenia k zabezpe\u010deniu ochrany osobn\u00fdch \u00fadajov.<br><br>Prev\u00e1dzkovate\u013e prijal technick\u00e9 opatrenia na zabezpe\u010denie d\u00e1tov\u00fdch \u00falo\u017e\u00edsk a \u00falo\u017e\u00edsk osobn\u00fdch \u00fadajov v spisovej podobe.<br><br>Prev\u00e1dzkovate\u013e prehlasuje, \u017ee k osobn\u00fdm \u00fadajom maj\u00fa pr\u00edstup v\u00fdlu\u010dne n\u00edm poveren\u00e9 osoby.<br><br>Va\u0161e pr\u00e1va :<br><br>Za podmienok stanoven\u00fdch v GDPR m\u00e1te:<br><br> - Pr\u00e1vo na pr\u00edstup k svojim osobn\u00fdm \u00fadajom pod\u013ea \u010dl. 15 GDPR<br> - Pr\u00e1vo na opravu osobn\u00fdch \u00fadajov pod\u013ea \u010dl.16 GDPR<br> - Pr\u00e1vo na obmedzenie sprac\u00favania<br> - Pr\u00e1vo na v\u00fdmaz pod\u013ea \u010dl.17 GDPR<br> - Pr\u00e1vo namieta\u0165 pod\u013ea \u010dl\u00e1nku 21 GDPR<br> - Pr\u00e1vo na prenesenie osobn\u00fdch \u00fadajov pod\u013ea \u010dl\u00e1nku 21 GDPR<br> - Pr\u00e1vo odvola\u0165 s\u00fahlas (elektronicky, alebo na kore\u0161ponden\u010dn\u00fa adresu)<br> - Pr\u00e1vo poda\u0165 s\u0165a\u017enos\u0165 \u00faradu na ochranu osobn\u00fdch \u00fadajov v pr\u00edpade, \u017ee sa domnievate ,\u017ee do\u0161lo k    poru\u0161eniu va\u0161ich pr\u00e1v na ochranu osobn\u00fdch \u00fadajov.<br><br>\u010ealej m\u00e1te pr\u00e1vo poda\u0165 s\u0165a\u017enos\u0165 \u00faradu na ochranu osobn\u00fdch \u00fadajov v pr\u00edpade, \u017ee sa domnievate, \u017ee do\u0161lo k poru\u0161eniu va\u0161ich pr\u00e1v na ochranu osobn\u00fdch \u00fadajov<br><br><strong><em>Ako m\u00f4\u017eete naplni\u0165 svoje pr\u00e1va?<\/em><\/strong><br><br><strong>Pr\u00e1vo na pr\u00edstup k \u00fadajom<\/strong><br><br>M\u00e1te pr\u00e1vo vedie\u0165, \u010di sprac\u00favame Va\u0161e osobn\u00e9 \u00fadaje. Pokia\u013e ich sprac\u00favame, m\u00f4\u017eete n\u00e1s po\u017eiada\u0165 o pr\u00edstup k nim. Na z\u00e1klade Va\u0161ej \u017eiadosti vyd\u00e1me potvrdenie s inform\u00e1ciami o sprac\u00favan\u00ed Va\u0161ich osobn\u00fdch \u00fadajov. \u017diados\u0165 m\u00f4\u017eete poda\u0165 elektronicky, na emailov\u00fa adresu <strong><a href=\"mailto:info@finesolution.sk\">info@finesolution.sk<\/a><\/strong>, alebo po\u0161tou na adresu FINE Solution s.r.o., Pod Vinohradmi 678\/50, 919 24, Kri\u017eovany nad Dudv\u00e1hom<br><br><strong>Pr\u00e1vo na opravu<\/strong><br><br>M\u00e1te pr\u00e1vo na to, aby Va\u0161e osobn\u00e9 \u00fadaje, ktor\u00e9 sprac\u00favame, boli spr\u00e1vne, \u00fapln\u00e9 a aktu\u00e1lne. Pokia\u013e s\u00fa Va\u0161e osobn\u00e9 \u00fadaje nespr\u00e1vne alebo neaktu\u00e1lne, m\u00f4\u017eete n\u00e1s po\u017eiada\u0165 o opravu alebo doplnenie a to elektronickou formou na emailov\u00fa adresu <strong><a href=\"mailto:info@finesolution.sk\">info@finesolution.sk<\/a><\/strong>, alebo po\u0161tou na kore\u0161ponden\u010dn\u00fa adresu FINE Solution s.r.o., Pod vinohradmi 678\/5, 919 24, Kri\u017eovany nad Dudv\u00e1hom<br><br><strong>Pr\u00e1vo na vymazanie<\/strong><br><br>Za ur\u010dit\u00fdch okolnost\u00ed m\u00e1te pr\u00e1vo, aby sme Va\u0161e osobn\u00e9 \u00fadaje vymazali. O vymazanie Va\u0161ich \u00fadajov n\u00e1s m\u00f4\u017eete po\u017eiada\u0165 kedyko\u013evek. Va\u0161e osobn\u00e9 \u00fadaje vyma\u017eeme, ak:<br><br> - u\u017e va\u0161e osobn\u00e9 \u00fadaje nepotrebujeme pre \u00fa\u010del, na ktor\u00fd ste n\u00e1m ich poskytli,<br> - odvol\u00e1te svoj s\u00fahlas,<br> - namietate vo\u010di sprac\u00favaniu va\u0161ich osobn\u00fdch \u00fadajov,<br> - sprac\u00favame Va\u0161e osobn\u00e9 \u00fadaje nez\u00e1konne,<br> - osobn\u00e9 \u00fadaje musia by\u0165 vymazan\u00e9, aby sa t\u00fdm splnila z\u00e1konn\u00e1 povinnos\u0165,<br> - ak ste die\u0165a, pr\u00edp. rodi\u010d die\u0165a\u0165a, ktor\u00e9 s\u00fahlasilo so sprac\u00favan\u00edm osobn\u00fdch \u00fadajov cez internet.<br><br><strong>Pr\u00e1vo na obmedzenie sprac\u00favania<\/strong><br><br>M\u00f4\u017eete n\u00e1s po\u017eiada\u0165, aby sme obmedzili sprac\u00favanie va\u0161ich osobn\u00fdch \u00fadajov. Pokia\u013e Va\u0161ej \u017eiadosti vyhovieme, Va\u0161e osobn\u00e9 \u00fadaje budeme iba uchov\u00e1va\u0165 a \u010falej s nimi pracova\u0165 nebudeme. K obmedzeniu sprac\u00favania Va\u0161ich \u00fadajov d\u00f4jde, ak:<br><br> - n\u00e1m ozn\u00e1mite, \u017ee Va\u0161e osobn\u00e9 \u00fadaje s\u00fa nespr\u00e1vne, a to a\u017e dok\u00fdm neover\u00edme ich spr\u00e1vnos\u0165,<br> - sprac\u00favame Va\u0161e osobn\u00e9 \u00fadaje nez\u00e1konne, av\u0161ak Vy nes\u00fahlas\u00edte s ich vymazan\u00edm a na miesto toho \u017eiadate, aby sme sprac\u00favanie Va\u0161ich osobn\u00fdch \u00fadajov len obmedzili,<br> - Va\u0161e \u00fadaje u\u017e nepotrebujeme, ale potrebujete ich Vy na preuk\u00e1zanie, uplat\u0148ovanie alebo obhajovanie svojich pr\u00e1v<br> - namietate vo\u010di sprac\u00favaniu Va\u0161ich osobn\u00fdch \u00fadajov, a to a\u017e k\u00fdm neover\u00edme, \u010di na\u0161e opr\u00e1vnen\u00e9 z\u00e1ujmy preva\u017euj\u00fa nad va\u0161imi d\u00f4vodmi.<br><br><strong>Pr\u00e1vo na prenosnos\u0165 \u00fadajov<\/strong><br><br>M\u00e1te pr\u00e1vo \u017eiada\u0165, aby sme V\u00e1m poskytli Va\u0161e osobn\u00e9 \u00fadaje v elektronickej forme (napr. s\u00fabor XML alebo CSV), ktor\u00e1 V\u00e1m umo\u017en\u00ed \u013eahko si prenies\u0165 \u00fadaje do inej spolo\u010dnosti. Tie\u017e n\u00e1s m\u00f4\u017eete po\u017eiada\u0165, aby sme Va\u0161e osobn\u00e9 \u00fadaje preniesli vybranej spolo\u010dnosti priamo my. Va\u0161ej \u017eiadosti vyhovieme v pr\u00edpade, \u017ee ste n\u00e1m poskytli osobn\u00e9 \u00fadaje priamo Vy a dali ste n\u00e1m na ich sprac\u00favanie s\u00fahlas.<br><br><strong>Pr\u00e1vo  namieta\u0165<\/strong><br><br>M\u00e1te pr\u00e1vo namieta\u0165, \u017ee sprac\u00favame Va\u0161e osobn\u00e9 \u00fadaje. Ak Va\u0161e osobn\u00e9 \u00fadaje sprac\u00favame v nasledovn\u00fdch pr\u00edpadoch:<br><br> - z d\u00f4vodu n\u00e1\u0161ho opr\u00e1vnen\u00e9ho z\u00e1ujmu,<br> - vytv\u00e1rania z\u00e1kazn\u00edckeho profilu,<br> - m\u00f4\u017eete namieta\u0165 ich sprac\u00favanie, ak m\u00e1te na to osobn\u00e9 d\u00f4vody.<br><br><strong>Ako m\u00f4\u017eete tieto pr\u00e1va vykon\u00e1va\u0165?<\/strong><br><br>S Va\u0161ou \u017eiados\u0165ou sa m\u00f4\u017eete na n\u00e1s obr\u00e1ti\u0165 niektor\u00fdm z t\u00fdchto sp\u00f4sobov:<br><br>emailom: <strong><a href=\"mailto:info@finesolution.sk\">info@finesolution.sk<\/a><\/strong>, alebo po\u0161tou na adresu podnikania:     <br>                                 <br>FINE Solution s.r.o.<br>Pod Vinohradmi 678\/50<br>919 24, Kri\u017eovany nad Dudv\u00e1hom<br><br>V pr\u00edpade, \u017ee sa domnievate ,\u017ee do\u0161lo k poru\u0161eniu Va\u0161ich pr\u00e1v na ochranu osobn\u00fdch \u00fadajov m\u00e1te pr\u00e1vo poda\u0165 s\u0165a\u017enos\u0165 dozorn\u00e9mu org\u00e1nu ktor\u00fdm je \u00darad na ochranu osobn\u00fdch \u00fadajov na adrese<br><br>Hrani\u010dn\u00e1 12<br>820 07 Bratislava 27<br>Slovensk\u00e1 republika<br><br>Identifika\u010dn\u00e9 \u00fadaje:<br><br>I\u010cO: 36064220<br>DI\u010c: 2021685985<br><br>Sekretari\u00e1t \u00faradu:<br>+421 \/2 3231 3214<br>E-mail: <a href=\"mailto:statny.dozor@pdp.gov.sk\">statny.dozor@pdp.gov.sk<\/a><\/pre>\n<\/div>\n\n\n\n<div style=\"height:100px\" aria-hidden=\"true\" class=\"wp-block-spacer\"><\/div>\n","protected":false},"excerpt":{"rendered":"<p>Z\u00e1sady spracovania osobn\u00fdch \u00fadajov a syst\u00e9m ochrany osobn\u00fdch \u00fadajov pod\u013ea nariadenia GDPR vypracovan\u00e9 v s\u00falade s nariaden\u00edm Eur\u00f3pskeho parlamentu a Rady (E\u00da) 2016\/679 o ochrane fyzick\u00fdch os\u00f4b pri sprac\u00favan\u00ed osobn\u00fdch \u00fadajov a o vo\u013enom pohybe tak\u00fdchto \u00fadajov v zmysle \u010dl\u00e1nku 13 a 14 Nariadenia (\u010falej len \u201eGDPR\u201c) a z\u00e1konom \u010d. 18\/2018 Z. z. o ochrane [&hellip;]<\/p>\n","protected":false},"author":1,"featured_media":0,"parent":0,"menu_order":0,"comment_status":"closed","ping_status":"closed","template":"","meta":{"advgb_blocks_editor_width":"","advgb_blocks_columns_visual_guide":"","footnotes":""},"class_list":["post-212","page","type-page","status-publish","hentry"],"yoast_head":"<!-- This site is optimized with the Yoast SEO plugin v27.4 - https:\/\/yoast.com\/product\/yoast-seo-wordpress\/ -->\n<title>Ochrana osobn\u00fdch \u00fadajov - FINE Solution s.r.o.<\/title>\n<meta name=\"robots\" content=\"index, follow, max-snippet:-1, max-image-preview:large, max-video-preview:-1\" \/>\n<link rel=\"canonical\" href=\"https:\/\/finesolution.sk\/?page_id=212\" \/>\n<meta property=\"og:locale\" content=\"sk_SK\" \/>\n<meta property=\"og:type\" content=\"article\" \/>\n<meta property=\"og:title\" content=\"Ochrana osobn\u00fdch \u00fadajov - FINE Solution s.r.o.\" \/>\n<meta property=\"og:description\" content=\"Z\u00e1sady spracovania osobn\u00fdch \u00fadajov a syst\u00e9m ochrany osobn\u00fdch \u00fadajov pod\u013ea nariadenia GDPR vypracovan\u00e9 v s\u00falade s nariaden\u00edm Eur\u00f3pskeho parlamentu a Rady (E\u00da) 2016\/679 o ochrane fyzick\u00fdch os\u00f4b pri sprac\u00favan\u00ed osobn\u00fdch \u00fadajov a o vo\u013enom pohybe tak\u00fdchto \u00fadajov v zmysle \u010dl\u00e1nku 13 a 14 Nariadenia (\u010falej len \u201eGDPR\u201c) a z\u00e1konom \u010d. 18\/2018 Z. z. o ochrane [&hellip;]\" \/>\n<meta property=\"og:url\" content=\"https:\/\/finesolution.sk\/?page_id=212\" \/>\n<meta property=\"og:site_name\" content=\"FINE Solution s.r.o.\" \/>\n<meta property=\"article:modified_time\" content=\"2026-03-17T21:29:44+00:00\" \/>\n<meta name=\"twitter:card\" content=\"summary_large_image\" \/>\n<script type=\"application\/ld+json\" class=\"yoast-schema-graph\">{\"@context\":\"https:\\\/\\\/schema.org\",\"@graph\":[{\"@type\":\"WebPage\",\"@id\":\"https:\\\/\\\/finesolution.sk\\\/?page_id=212\",\"url\":\"https:\\\/\\\/finesolution.sk\\\/?page_id=212\",\"name\":\"Ochrana osobn\u00fdch \u00fadajov - FINE Solution s.r.o.\",\"isPartOf\":{\"@id\":\"https:\\\/\\\/finesolution.sk\\\/#website\"},\"datePublished\":\"2024-10-11T16:52:34+00:00\",\"dateModified\":\"2026-03-17T21:29:44+00:00\",\"breadcrumb\":{\"@id\":\"https:\\\/\\\/finesolution.sk\\\/?page_id=212#breadcrumb\"},\"inLanguage\":\"sk-SK\",\"potentialAction\":[{\"@type\":\"ReadAction\",\"target\":[\"https:\\\/\\\/finesolution.sk\\\/?page_id=212\"]}]},{\"@type\":\"BreadcrumbList\",\"@id\":\"https:\\\/\\\/finesolution.sk\\\/?page_id=212#breadcrumb\",\"itemListElement\":[{\"@type\":\"ListItem\",\"position\":1,\"name\":\"Home\",\"item\":\"https:\\\/\\\/finesolution.sk\\\/\"},{\"@type\":\"ListItem\",\"position\":2,\"name\":\"Ochrana osobn\u00fdch \u00fadajov\"}]},{\"@type\":\"WebSite\",\"@id\":\"https:\\\/\\\/finesolution.sk\\\/#website\",\"url\":\"https:\\\/\\\/finesolution.sk\\\/\",\"name\":\"FINE Solution s.r.o.\",\"description\":\"Po\u010fme spolu n\u00e1js\u0165 FINE rie\u0161enie\",\"publisher\":{\"@id\":\"https:\\\/\\\/finesolution.sk\\\/#organization\"},\"potentialAction\":[{\"@type\":\"SearchAction\",\"target\":{\"@type\":\"EntryPoint\",\"urlTemplate\":\"https:\\\/\\\/finesolution.sk\\\/?s={search_term_string}\"},\"query-input\":{\"@type\":\"PropertyValueSpecification\",\"valueRequired\":true,\"valueName\":\"search_term_string\"}}],\"inLanguage\":\"sk-SK\"},{\"@type\":\"Organization\",\"@id\":\"https:\\\/\\\/finesolution.sk\\\/#organization\",\"name\":\"FINE Solution s.r.o.\",\"url\":\"https:\\\/\\\/finesolution.sk\\\/\",\"logo\":{\"@type\":\"ImageObject\",\"inLanguage\":\"sk-SK\",\"@id\":\"https:\\\/\\\/finesolution.sk\\\/#\\\/schema\\\/logo\\\/image\\\/\",\"url\":\"https:\\\/\\\/finesolution.sk\\\/wp-content\\\/uploads\\\/2024\\\/10\\\/FINE_Solution_logo.png\",\"contentUrl\":\"https:\\\/\\\/finesolution.sk\\\/wp-content\\\/uploads\\\/2024\\\/10\\\/FINE_Solution_logo.png\",\"width\":1300,\"height\":500,\"caption\":\"FINE Solution s.r.o.\"},\"image\":{\"@id\":\"https:\\\/\\\/finesolution.sk\\\/#\\\/schema\\\/logo\\\/image\\\/\"}}]}<\/script>\n<!-- \/ Yoast SEO plugin. -->","yoast_head_json":{"title":"Ochrana osobn\u00fdch \u00fadajov - FINE Solution s.r.o.","robots":{"index":"index","follow":"follow","max-snippet":"max-snippet:-1","max-image-preview":"max-image-preview:large","max-video-preview":"max-video-preview:-1"},"canonical":"https:\/\/finesolution.sk\/?page_id=212","og_locale":"sk_SK","og_type":"article","og_title":"Ochrana osobn\u00fdch \u00fadajov - FINE Solution s.r.o.","og_description":"Z\u00e1sady spracovania osobn\u00fdch \u00fadajov a syst\u00e9m ochrany osobn\u00fdch \u00fadajov pod\u013ea nariadenia GDPR vypracovan\u00e9 v s\u00falade s nariaden\u00edm Eur\u00f3pskeho parlamentu a Rady (E\u00da) 2016\/679 o ochrane fyzick\u00fdch os\u00f4b pri sprac\u00favan\u00ed osobn\u00fdch \u00fadajov a o vo\u013enom pohybe tak\u00fdchto \u00fadajov v zmysle \u010dl\u00e1nku 13 a 14 Nariadenia (\u010falej len \u201eGDPR\u201c) a z\u00e1konom \u010d. 18\/2018 Z. z. o ochrane [&hellip;]","og_url":"https:\/\/finesolution.sk\/?page_id=212","og_site_name":"FINE Solution s.r.o.","article_modified_time":"2026-03-17T21:29:44+00:00","twitter_card":"summary_large_image","schema":{"@context":"https:\/\/schema.org","@graph":[{"@type":"WebPage","@id":"https:\/\/finesolution.sk\/?page_id=212","url":"https:\/\/finesolution.sk\/?page_id=212","name":"Ochrana osobn\u00fdch \u00fadajov - FINE Solution s.r.o.","isPartOf":{"@id":"https:\/\/finesolution.sk\/#website"},"datePublished":"2024-10-11T16:52:34+00:00","dateModified":"2026-03-17T21:29:44+00:00","breadcrumb":{"@id":"https:\/\/finesolution.sk\/?page_id=212#breadcrumb"},"inLanguage":"sk-SK","potentialAction":[{"@type":"ReadAction","target":["https:\/\/finesolution.sk\/?page_id=212"]}]},{"@type":"BreadcrumbList","@id":"https:\/\/finesolution.sk\/?page_id=212#breadcrumb","itemListElement":[{"@type":"ListItem","position":1,"name":"Home","item":"https:\/\/finesolution.sk\/"},{"@type":"ListItem","position":2,"name":"Ochrana osobn\u00fdch \u00fadajov"}]},{"@type":"WebSite","@id":"https:\/\/finesolution.sk\/#website","url":"https:\/\/finesolution.sk\/","name":"FINE Solution s.r.o.","description":"Po\u010fme spolu n\u00e1js\u0165 FINE rie\u0161enie","publisher":{"@id":"https:\/\/finesolution.sk\/#organization"},"potentialAction":[{"@type":"SearchAction","target":{"@type":"EntryPoint","urlTemplate":"https:\/\/finesolution.sk\/?s={search_term_string}"},"query-input":{"@type":"PropertyValueSpecification","valueRequired":true,"valueName":"search_term_string"}}],"inLanguage":"sk-SK"},{"@type":"Organization","@id":"https:\/\/finesolution.sk\/#organization","name":"FINE Solution s.r.o.","url":"https:\/\/finesolution.sk\/","logo":{"@type":"ImageObject","inLanguage":"sk-SK","@id":"https:\/\/finesolution.sk\/#\/schema\/logo\/image\/","url":"https:\/\/finesolution.sk\/wp-content\/uploads\/2024\/10\/FINE_Solution_logo.png","contentUrl":"https:\/\/finesolution.sk\/wp-content\/uploads\/2024\/10\/FINE_Solution_logo.png","width":1300,"height":500,"caption":"FINE Solution s.r.o."},"image":{"@id":"https:\/\/finesolution.sk\/#\/schema\/logo\/image\/"}}]}},"coauthors":[],"author_meta":{"author_link":"https:\/\/finesolution.sk\/?author=1","display_name":"Fines"},"relative_dates":{"created":"Posted 2 roky ago","modified":"Updated 1 mesiac ago"},"absolute_dates":{"created":"Posted on 11. okt\u00f3bra 2024","modified":"Updated on 17. marca 2026"},"absolute_dates_time":{"created":"Posted on 11. okt\u00f3bra 2024 18:52","modified":"Updated on 17. marca 2026 22:29"},"featured_img_caption":"","featured_img":false,"series_order":"","_links":{"self":[{"href":"https:\/\/finesolution.sk\/index.php?rest_route=\/wp\/v2\/pages\/212","targetHints":{"allow":["GET"]}}],"collection":[{"href":"https:\/\/finesolution.sk\/index.php?rest_route=\/wp\/v2\/pages"}],"about":[{"href":"https:\/\/finesolution.sk\/index.php?rest_route=\/wp\/v2\/types\/page"}],"author":[{"embeddable":true,"href":"https:\/\/finesolution.sk\/index.php?rest_route=\/wp\/v2\/users\/1"}],"replies":[{"embeddable":true,"href":"https:\/\/finesolution.sk\/index.php?rest_route=%2Fwp%2Fv2%2Fcomments&post=212"}],"version-history":[{"count":6,"href":"https:\/\/finesolution.sk\/index.php?rest_route=\/wp\/v2\/pages\/212\/revisions"}],"predecessor-version":[{"id":484,"href":"https:\/\/finesolution.sk\/index.php?rest_route=\/wp\/v2\/pages\/212\/revisions\/484"}],"wp:attachment":[{"href":"https:\/\/finesolution.sk\/index.php?rest_route=%2Fwp%2Fv2%2Fmedia&parent=212"}],"curies":[{"name":"wp","href":"https:\/\/api.w.org\/{rel}","templated":true}]}}