{"id":28,"date":"2024-10-04T13:01:48","date_gmt":"2024-10-04T11:01:48","guid":{"rendered":"https:\/\/finesolution.sk\/?page_id=28"},"modified":"2026-03-09T18:22:54","modified_gmt":"2026-03-09T17:22:54","slug":"kontakt","status":"publish","type":"page","link":"https:\/\/finesolution.sk\/?page_id=28","title":{"rendered":"Kontakt"},"content":{"rendered":"<div class=\"wpforms-container wpforms-container-full wpforms-block wpforms-block-b5549a55-6c45-4b28-8908-d65fa392e9c7 wpforms-render-modern\" id=\"wpforms-55\"><form id=\"wpforms-form-55\" class=\"wpforms-validate wpforms-form wpforms-ajax-form\" data-formid=\"55\" method=\"post\" enctype=\"multipart\/form-data\" action=\"\/index.php?rest_route=%2Fwp%2Fv2%2Fpages%2F28\" data-token=\"db121a88d05680b99d523674032c04c1\" data-token-time=\"1777124476\"><noscript class=\"wpforms-error-noscript\">Please enable JavaScript in your browser to complete this form.<\/noscript><div id=\"wpforms-error-noscript\" style=\"display: none;\">Please enable JavaScript in your browser to complete this form.<\/div><div class=\"wpforms-field-container\"><div id=\"wpforms-55-field_1-container\" class=\"wpforms-field wpforms-field-name\" data-field-id=\"1\"><label class=\"wpforms-field-label\" for=\"wpforms-55-field_1\">Meno <span class=\"wpforms-required-label\" aria-hidden=\"true\">*<\/span><\/label><input type=\"text\" id=\"wpforms-55-field_1\" class=\"wpforms-field-medium wpforms-field-required\" name=\"wpforms[fields][1]\" aria-errormessage=\"wpforms-55-field_1-error\" required><\/div>\t\t<div id=\"wpforms-55-field_4-container\"\n\t\t\tclass=\"wpforms-field wpforms-field-text\"\n\t\t\tdata-field-type=\"text\"\n\t\t\tdata-field-id=\"4\"\n\t\t\t>\n\t\t\t<label class=\"wpforms-field-label\" for=\"wpforms-55-field_4\" >Email Spr\u00e1va Meno<\/label>\n\t\t\t<input type=\"text\" id=\"wpforms-55-field_4\" class=\"wpforms-field-medium\" name=\"wpforms[fields][4]\" >\n\t\t<\/div>\n\t\t<div id=\"wpforms-55-field_2-container\" class=\"wpforms-field wpforms-field-email\" data-field-id=\"2\"><label class=\"wpforms-field-label\" for=\"wpforms-55-field_2\">Email <span class=\"wpforms-required-label\" aria-hidden=\"true\">*<\/span><\/label><input type=\"email\" id=\"wpforms-55-field_2\" class=\"wpforms-field-medium wpforms-field-required\" name=\"wpforms[fields][2]\" spellcheck=\"false\" aria-errormessage=\"wpforms-55-field_2-error\" required><\/div><div id=\"wpforms-55-field_3-container\" class=\"wpforms-field wpforms-field-textarea\" data-field-id=\"3\"><label class=\"wpforms-field-label\" for=\"wpforms-55-field_3\">Spr\u00e1va<\/label><textarea id=\"wpforms-55-field_3\" class=\"wpforms-field-medium\" name=\"wpforms[fields][3]\" aria-errormessage=\"wpforms-55-field_3-error\" ><\/textarea><\/div><script>\n\t\t\t\t( function() {\n\t\t\t\t\tconst style = document.createElement( 'style' );\n\t\t\t\t\tstyle.appendChild( document.createTextNode( '#wpforms-55-field_4-container { position: absolute !important; overflow: hidden !important; display: inline !important; height: 1px !important; width: 1px !important; z-index: -1000 !important; padding: 0 !important; } #wpforms-55-field_4-container input { visibility: hidden; } #wpforms-conversational-form-page #wpforms-55-field_4-container label { counter-increment: none; }' ) );\n\t\t\t\t\tdocument.head.appendChild( style );\n\t\t\t\t\tdocument.currentScript?.remove();\n\t\t\t\t} )();\n\t\t\t<\/script><\/div><!-- .wpforms-field-container --><div class=\"wpforms-submit-container\" ><input type=\"hidden\" name=\"wpforms[id]\" value=\"55\"><input type=\"hidden\" name=\"page_title\" value=\"\"><input type=\"hidden\" name=\"page_url\" value=\"https:\/\/finesolution.sk\/index.php?rest_route=\/wp\/v2\/pages\/28\"><input type=\"hidden\" name=\"url_referer\" value=\"\"><button type=\"submit\" name=\"wpforms[submit]\" id=\"wpforms-submit-55\" class=\"wpforms-submit\" data-alt-text=\"Sending...\" data-submit-text=\"Posla\u0165\" aria-live=\"assertive\" value=\"wpforms-submit\">Posla\u0165<\/button><img loading=\"lazy\" decoding=\"async\" src=\"https:\/\/finesolution.sk\/wp-content\/plugins\/wpforms-lite\/assets\/images\/submit-spin.svg\" class=\"wpforms-submit-spinner\" style=\"display: none;\" width=\"26\" height=\"26\" alt=\"Loading\"><\/div><\/form><\/div>  <!-- .wpforms-container -->\n\n\n<div style=\"height:100px\" aria-hidden=\"true\" class=\"wp-block-spacer\"><\/div>\n<style class=\"advgb-styles-renderer\">\n\t\t\t\t#wpforms-55.wpforms-block-b5549a55-6c45-4b28-8908-d65fa392e9c7 {\n\t\t\t\t--wpforms-label-color: #ffffff;\n--wpforms-label-sublabel-color: #ffffff;\n--wpforms-label-error-color: #cf2e2e;\n--wpforms-page-break-color: #dddddd;\n--wpforms-field-border-size: 2px;\n--wpforms-field-border-radius: 10px;\n--wpforms-field-background-color: #fefefe;\n--wpforms-field-border-color: #e4bb4e;\n--wpforms-field-border-color-spare: #e4bb4e;\n--wpforms-field-text-color: #000000;\n--wpforms-field-menu-color: #fefefe;\n--wpforms-button-border-style: solid;\n--wpforms-button-border-size: 2px;\n--wpforms-button-border-radius: 10px;\n--wpforms-button-background-color: #e3bb4d91;\n--wpforms-button-border-color: #e4bb4e;\n--wpforms-field-size-input-height: 43px;\n--wpforms-field-size-input-spacing: 15px;\n--wpforms-field-size-font-size: 16px;\n--wpforms-field-size-line-height: 19px;\n--wpforms-field-size-padding-h: 14px;\n--wpforms-field-size-checkbox-size: 16px;\n--wpforms-field-size-sublabel-spacing: 5px;\n--wpforms-field-size-icon-size: 1;\n--wpforms-label-size-font-size: 18px;\n--wpforms-label-size-line-height: 21px;\n--wpforms-label-size-sublabel-font-size: 16px;\n--wpforms-label-size-sublabel-line-height: 19px;\n--wpforms-button-size-font-size: 17px;\n--wpforms-button-size-height: 41px;\n--wpforms-button-size-padding-h: 15px;\n--wpforms-button-size-margin-top: 10px;\n\t\t\t}\n\t\t\t<\/style>","protected":false},"excerpt":{"rendered":"","protected":false},"author":1,"featured_media":0,"parent":0,"menu_order":0,"comment_status":"closed","ping_status":"closed","template":"","meta":{"advgb_blocks_editor_width":"","advgb_blocks_columns_visual_guide":"","footnotes":""},"class_list":["post-28","page","type-page","status-publish","hentry"],"yoast_head":"<!-- This site is optimized with the Yoast SEO plugin v27.4 - https:\/\/yoast.com\/product\/yoast-seo-wordpress\/ -->\n<title>Kontakt - FINE Solution s.r.o.<\/title>\n<meta name=\"robots\" content=\"index, follow, max-snippet:-1, max-image-preview:large, max-video-preview:-1\" \/>\n<link rel=\"canonical\" href=\"https:\/\/finesolution.sk\/?page_id=28\" \/>\n<meta property=\"og:locale\" content=\"sk_SK\" \/>\n<meta property=\"og:type\" content=\"article\" \/>\n<meta property=\"og:title\" content=\"Kontakt - FINE Solution s.r.o.\" \/>\n<meta property=\"og:url\" content=\"https:\/\/finesolution.sk\/?page_id=28\" \/>\n<meta property=\"og:site_name\" content=\"FINE Solution s.r.o.\" \/>\n<meta property=\"article:modified_time\" content=\"2026-03-09T17:22:54+00:00\" \/>\n<meta name=\"twitter:card\" content=\"summary_large_image\" \/>\n<meta name=\"twitter:label1\" content=\"Predpokladan\u00fd \u010das \u010d\u00edtania\" \/>\n\t<meta name=\"twitter:data1\" content=\"1 min\u00fata\" \/>\n<script type=\"application\/ld+json\" class=\"yoast-schema-graph\">{\"@context\":\"https:\\\/\\\/schema.org\",\"@graph\":[{\"@type\":\"WebPage\",\"@id\":\"https:\\\/\\\/finesolution.sk\\\/?page_id=28\",\"url\":\"https:\\\/\\\/finesolution.sk\\\/?page_id=28\",\"name\":\"Kontakt - FINE Solution s.r.o.\",\"isPartOf\":{\"@id\":\"https:\\\/\\\/finesolution.sk\\\/#website\"},\"datePublished\":\"2024-10-04T11:01:48+00:00\",\"dateModified\":\"2026-03-09T17:22:54+00:00\",\"breadcrumb\":{\"@id\":\"https:\\\/\\\/finesolution.sk\\\/?page_id=28#breadcrumb\"},\"inLanguage\":\"sk-SK\",\"potentialAction\":[{\"@type\":\"ReadAction\",\"target\":[\"https:\\\/\\\/finesolution.sk\\\/?page_id=28\"]}]},{\"@type\":\"BreadcrumbList\",\"@id\":\"https:\\\/\\\/finesolution.sk\\\/?page_id=28#breadcrumb\",\"itemListElement\":[{\"@type\":\"ListItem\",\"position\":1,\"name\":\"Home\",\"item\":\"https:\\\/\\\/finesolution.sk\\\/\"},{\"@type\":\"ListItem\",\"position\":2,\"name\":\"Kontakt\"}]},{\"@type\":\"WebSite\",\"@id\":\"https:\\\/\\\/finesolution.sk\\\/#website\",\"url\":\"https:\\\/\\\/finesolution.sk\\\/\",\"name\":\"FINE Solution s.r.o.\",\"description\":\"Po\u010fme spolu n\u00e1js\u0165 FINE rie\u0161enie\",\"publisher\":{\"@id\":\"https:\\\/\\\/finesolution.sk\\\/#organization\"},\"potentialAction\":[{\"@type\":\"SearchAction\",\"target\":{\"@type\":\"EntryPoint\",\"urlTemplate\":\"https:\\\/\\\/finesolution.sk\\\/?s={search_term_string}\"},\"query-input\":{\"@type\":\"PropertyValueSpecification\",\"valueRequired\":true,\"valueName\":\"search_term_string\"}}],\"inLanguage\":\"sk-SK\"},{\"@type\":\"Organization\",\"@id\":\"https:\\\/\\\/finesolution.sk\\\/#organization\",\"name\":\"FINE Solution s.r.o.\",\"url\":\"https:\\\/\\\/finesolution.sk\\\/\",\"logo\":{\"@type\":\"ImageObject\",\"inLanguage\":\"sk-SK\",\"@id\":\"https:\\\/\\\/finesolution.sk\\\/#\\\/schema\\\/logo\\\/image\\\/\",\"url\":\"https:\\\/\\\/finesolution.sk\\\/wp-content\\\/uploads\\\/2024\\\/10\\\/FINE_Solution_logo.png\",\"contentUrl\":\"https:\\\/\\\/finesolution.sk\\\/wp-content\\\/uploads\\\/2024\\\/10\\\/FINE_Solution_logo.png\",\"width\":1300,\"height\":500,\"caption\":\"FINE Solution s.r.o.\"},\"image\":{\"@id\":\"https:\\\/\\\/finesolution.sk\\\/#\\\/schema\\\/logo\\\/image\\\/\"}}]}<\/script>\n<!-- \/ Yoast SEO plugin. -->","yoast_head_json":{"title":"Kontakt - FINE Solution s.r.o.","robots":{"index":"index","follow":"follow","max-snippet":"max-snippet:-1","max-image-preview":"max-image-preview:large","max-video-preview":"max-video-preview:-1"},"canonical":"https:\/\/finesolution.sk\/?page_id=28","og_locale":"sk_SK","og_type":"article","og_title":"Kontakt - FINE Solution s.r.o.","og_url":"https:\/\/finesolution.sk\/?page_id=28","og_site_name":"FINE Solution s.r.o.","article_modified_time":"2026-03-09T17:22:54+00:00","twitter_card":"summary_large_image","twitter_misc":{"Predpokladan\u00fd \u010das \u010d\u00edtania":"1 min\u00fata"},"schema":{"@context":"https:\/\/schema.org","@graph":[{"@type":"WebPage","@id":"https:\/\/finesolution.sk\/?page_id=28","url":"https:\/\/finesolution.sk\/?page_id=28","name":"Kontakt - FINE Solution s.r.o.","isPartOf":{"@id":"https:\/\/finesolution.sk\/#website"},"datePublished":"2024-10-04T11:01:48+00:00","dateModified":"2026-03-09T17:22:54+00:00","breadcrumb":{"@id":"https:\/\/finesolution.sk\/?page_id=28#breadcrumb"},"inLanguage":"sk-SK","potentialAction":[{"@type":"ReadAction","target":["https:\/\/finesolution.sk\/?page_id=28"]}]},{"@type":"BreadcrumbList","@id":"https:\/\/finesolution.sk\/?page_id=28#breadcrumb","itemListElement":[{"@type":"ListItem","position":1,"name":"Home","item":"https:\/\/finesolution.sk\/"},{"@type":"ListItem","position":2,"name":"Kontakt"}]},{"@type":"WebSite","@id":"https:\/\/finesolution.sk\/#website","url":"https:\/\/finesolution.sk\/","name":"FINE Solution s.r.o.","description":"Po\u010fme spolu n\u00e1js\u0165 FINE rie\u0161enie","publisher":{"@id":"https:\/\/finesolution.sk\/#organization"},"potentialAction":[{"@type":"SearchAction","target":{"@type":"EntryPoint","urlTemplate":"https:\/\/finesolution.sk\/?s={search_term_string}"},"query-input":{"@type":"PropertyValueSpecification","valueRequired":true,"valueName":"search_term_string"}}],"inLanguage":"sk-SK"},{"@type":"Organization","@id":"https:\/\/finesolution.sk\/#organization","name":"FINE Solution s.r.o.","url":"https:\/\/finesolution.sk\/","logo":{"@type":"ImageObject","inLanguage":"sk-SK","@id":"https:\/\/finesolution.sk\/#\/schema\/logo\/image\/","url":"https:\/\/finesolution.sk\/wp-content\/uploads\/2024\/10\/FINE_Solution_logo.png","contentUrl":"https:\/\/finesolution.sk\/wp-content\/uploads\/2024\/10\/FINE_Solution_logo.png","width":1300,"height":500,"caption":"FINE Solution s.r.o."},"image":{"@id":"https:\/\/finesolution.sk\/#\/schema\/logo\/image\/"}}]}},"coauthors":[],"author_meta":{"author_link":"https:\/\/finesolution.sk\/?author=1","display_name":"Fines"},"relative_dates":{"created":"Posted 2 roky ago","modified":"Updated 2 mesiace ago"},"absolute_dates":{"created":"Posted on 4. okt\u00f3bra 2024","modified":"Updated on 9. marca 2026"},"absolute_dates_time":{"created":"Posted on 4. okt\u00f3bra 2024 13:01","modified":"Updated on 9. marca 2026 18:22"},"featured_img_caption":"","featured_img":false,"series_order":"","_links":{"self":[{"href":"https:\/\/finesolution.sk\/index.php?rest_route=\/wp\/v2\/pages\/28","targetHints":{"allow":["GET"]}}],"collection":[{"href":"https:\/\/finesolution.sk\/index.php?rest_route=\/wp\/v2\/pages"}],"about":[{"href":"https:\/\/finesolution.sk\/index.php?rest_route=\/wp\/v2\/types\/page"}],"author":[{"embeddable":true,"href":"https:\/\/finesolution.sk\/index.php?rest_route=\/wp\/v2\/users\/1"}],"replies":[{"embeddable":true,"href":"https:\/\/finesolution.sk\/index.php?rest_route=%2Fwp%2Fv2%2Fcomments&post=28"}],"version-history":[{"count":6,"href":"https:\/\/finesolution.sk\/index.php?rest_route=\/wp\/v2\/pages\/28\/revisions"}],"predecessor-version":[{"id":364,"href":"https:\/\/finesolution.sk\/index.php?rest_route=\/wp\/v2\/pages\/28\/revisions\/364"}],"wp:attachment":[{"href":"https:\/\/finesolution.sk\/index.php?rest_route=%2Fwp%2Fv2%2Fmedia&parent=28"}],"curies":[{"name":"wp","href":"https:\/\/api.w.org\/{rel}","templated":true}]}}