{"id":32,"date":"2024-10-04T13:03:54","date_gmt":"2024-10-04T11:03:54","guid":{"rendered":"https:\/\/finesolution.sk\/?page_id=32"},"modified":"2026-03-17T19:55:02","modified_gmt":"2026-03-17T18:55:02","slug":"referencie","status":"publish","type":"page","link":"https:\/\/finesolution.sk\/?page_id=32","title":{"rendered":"Referencie"},"content":{"rendered":"\n<h2 class=\"wp-block-heading has-secondary-color has-text-color has-background has-link-color has-medium-font-size wp-elements-687825b71b71f54e88fd8880cecbaa6e\" style=\"background-color:#0000009c\">Na\u0161e know-how sme nadobudli so spolo\u010dnos\u0165ami:<\/h2>\n\n\n\n<div class=\"wp-block-group has-global-padding is-layout-constrained wp-block-group-is-layout-constrained\">\n<figure class=\"wp-block-gallery has-nested-images columns-4 is-cropped wp-block-gallery-2 is-layout-flex wp-block-gallery-is-layout-flex\">\n<figure class=\"wp-block-image size-full has-custom-border is-style-rounded\"><img loading=\"lazy\" decoding=\"async\" width=\"214\" height=\"100\" data-id=\"117\" src=\"https:\/\/finesolution.sk\/wp-content\/uploads\/2024\/10\/faurecia.png\" alt=\"\" class=\"wp-image-117\" style=\"border-style:none;border-width:0px;border-radius:20px\"\/><\/figure>\n\n\n\n<figure class=\"wp-block-image size-full has-custom-border is-style-default wp-duotone-unset-1\"><img loading=\"lazy\" decoding=\"async\" width=\"214\" height=\"100\" data-id=\"119\" src=\"https:\/\/finesolution.sk\/wp-content\/uploads\/2024\/10\/hella.png\" alt=\"\" class=\"wp-image-119\" style=\"border-style:none;border-width:0px;border-radius:20px\"\/><\/figure>\n\n\n\n<figure class=\"wp-block-image size-full has-custom-border is-style-rounded\"><img loading=\"lazy\" decoding=\"async\" width=\"214\" height=\"100\" data-id=\"118\" src=\"https:\/\/finesolution.sk\/wp-content\/uploads\/2024\/10\/FM.png\" alt=\"\" class=\"wp-image-118\" style=\"border-radius:20px\"\/><\/figure>\n\n\n\n<figure class=\"wp-block-image size-full has-custom-border is-style-rounded\"><img loading=\"lazy\" decoding=\"async\" width=\"214\" height=\"100\" data-id=\"120\" src=\"https:\/\/finesolution.sk\/wp-content\/uploads\/2024\/10\/howa.png\" alt=\"\" class=\"wp-image-120\" style=\"border-radius:20px\"\/><\/figure>\n<\/figure>\n<\/div>\n\n\n\n<figure class=\"wp-block-gallery has-nested-images columns-4 is-cropped wp-block-gallery-3 is-layout-flex wp-block-gallery-is-layout-flex\">\n<figure class=\"wp-block-image size-full has-custom-border\"><img loading=\"lazy\" decoding=\"async\" width=\"214\" height=\"100\" data-id=\"121\" src=\"https:\/\/finesolution.sk\/wp-content\/uploads\/2024\/10\/lear.png\" alt=\"\" class=\"wp-image-121\" style=\"border-radius:20px\"\/><\/figure>\n\n\n\n<figure class=\"wp-block-image size-full has-custom-border\"><img loading=\"lazy\" decoding=\"async\" width=\"214\" height=\"100\" data-id=\"122\" src=\"https:\/\/finesolution.sk\/wp-content\/uploads\/2024\/10\/stelantis.png\" alt=\"\" class=\"wp-image-122\" style=\"border-radius:20px\"\/><\/figure>\n\n\n\n<figure class=\"wp-block-image size-full has-custom-border\"><img loading=\"lazy\" decoding=\"async\" width=\"214\" height=\"100\" data-id=\"123\" src=\"https:\/\/finesolution.sk\/wp-content\/uploads\/2024\/10\/VW_.png\" alt=\"\" class=\"wp-image-123\" style=\"border-radius:20px\"\/><\/figure>\n\n\n\n<figure class=\"wp-block-image size-full has-custom-border\"><img loading=\"lazy\" decoding=\"async\" width=\"214\" height=\"100\" data-id=\"124\" src=\"https:\/\/finesolution.sk\/wp-content\/uploads\/2024\/10\/ZF.png\" alt=\"\" class=\"wp-image-124\" style=\"border-radius:20px\"\/><\/figure>\n<\/figure>\n\n\n\n<h2 class=\"wp-block-heading has-background-color has-text-color has-background has-link-color has-medium-font-size wp-elements-7f076f02184c41f20b90b871e450d420\" style=\"background-color:#0000009c\">Na\u0161e rie\u0161enia s\u00fa podporovan\u00e9 dod\u00e1vate\u013emi:<\/h2>\n\n\n\n<figure class=\"wp-block-gallery has-nested-images columns-4 is-cropped wp-block-gallery-4 is-layout-flex wp-block-gallery-is-layout-flex\">\n<figure class=\"wp-block-image size-full has-custom-border is-style-rounded\"><img loading=\"lazy\" decoding=\"async\" width=\"214\" height=\"100\" data-id=\"126\" src=\"https:\/\/finesolution.sk\/wp-content\/uploads\/2024\/10\/alutec.png\" alt=\"\" class=\"wp-image-126\" style=\"border-radius:20px\"\/><\/figure>\n\n\n\n<figure class=\"wp-block-image size-full has-custom-border is-style-rounded\"><img loading=\"lazy\" decoding=\"async\" width=\"214\" height=\"100\" data-id=\"127\" src=\"https:\/\/finesolution.sk\/wp-content\/uploads\/2024\/10\/atlas_copco.png\" alt=\"\" class=\"wp-image-127\" style=\"border-radius:20px\"\/><\/figure>\n\n\n\n<figure class=\"wp-block-image size-full has-custom-border\"><img loading=\"lazy\" decoding=\"async\" width=\"214\" height=\"100\" data-id=\"277\" src=\"https:\/\/finesolution.sk\/wp-content\/uploads\/2024\/10\/balluff.png\" alt=\"\" class=\"wp-image-277\" style=\"border-radius:20px\"\/><\/figure>\n\n\n\n<figure class=\"wp-block-image size-full has-custom-border is-style-rounded\"><img loading=\"lazy\" decoding=\"async\" width=\"214\" height=\"100\" data-id=\"128\" src=\"https:\/\/finesolution.sk\/wp-content\/uploads\/2024\/10\/cognex.png\" alt=\"\" class=\"wp-image-128\" style=\"border-radius:20px\"\/><\/figure>\n<\/figure>\n\n\n\n<figure class=\"wp-block-gallery has-nested-images columns-4 is-cropped wp-block-gallery-5 is-layout-flex wp-block-gallery-is-layout-flex\">\n<figure class=\"wp-block-image size-full has-custom-border\"><img loading=\"lazy\" decoding=\"async\" width=\"214\" height=\"100\" data-id=\"129\" src=\"https:\/\/finesolution.sk\/wp-content\/uploads\/2024\/10\/eletechnik.png\" alt=\"\" class=\"wp-image-129\" style=\"border-radius:20px\"\/><\/figure>\n\n\n\n<figure class=\"wp-block-image size-full has-custom-border\"><img loading=\"lazy\" decoding=\"async\" width=\"214\" height=\"100\" data-id=\"130\" src=\"https:\/\/finesolution.sk\/wp-content\/uploads\/2024\/10\/festo.png\" alt=\"\" class=\"wp-image-130\" style=\"border-radius:20px\"\/><\/figure>\n\n\n\n<figure class=\"wp-block-image size-full has-custom-border\"><img loading=\"lazy\" decoding=\"async\" width=\"214\" height=\"100\" data-id=\"278\" src=\"https:\/\/finesolution.sk\/wp-content\/uploads\/2024\/10\/ifm.png\" alt=\"\" class=\"wp-image-278\" style=\"border-radius:20px\"\/><\/figure>\n\n\n\n<figure class=\"wp-block-image size-full has-custom-border\"><img loading=\"lazy\" decoding=\"async\" width=\"214\" height=\"100\" data-id=\"131\" src=\"https:\/\/finesolution.sk\/wp-content\/uploads\/2024\/10\/keyence.png\" alt=\"\" class=\"wp-image-131\" style=\"border-radius:20px\"\/><\/figure>\n<\/figure>\n\n\n\n<figure class=\"wp-block-gallery has-nested-images columns-4 is-cropped wp-block-gallery-6 is-layout-flex wp-block-gallery-is-layout-flex\">\n<figure class=\"wp-block-image size-full has-custom-border\"><img loading=\"lazy\" decoding=\"async\" width=\"214\" height=\"100\" data-id=\"132\" src=\"https:\/\/finesolution.sk\/wp-content\/uploads\/2024\/10\/MTS_.png\" alt=\"\" class=\"wp-image-132\" style=\"border-radius:20px\"\/><\/figure>\n\n\n\n<figure class=\"wp-block-image size-full has-custom-border\"><img loading=\"lazy\" decoding=\"async\" width=\"214\" height=\"100\" data-id=\"279\" src=\"https:\/\/finesolution.sk\/wp-content\/uploads\/2024\/10\/pepper.png\" alt=\"\" class=\"wp-image-279\" style=\"border-radius:20px\"\/><\/figure>\n\n\n\n<figure class=\"wp-block-image size-full has-custom-border\"><img loading=\"lazy\" decoding=\"async\" width=\"214\" height=\"100\" data-id=\"133\" src=\"https:\/\/finesolution.sk\/wp-content\/uploads\/2024\/10\/rexroth.png\" alt=\"\" class=\"wp-image-133\" style=\"border-radius:20px\"\/><\/figure>\n\n\n\n<figure class=\"wp-block-image size-full has-custom-border\"><img loading=\"lazy\" decoding=\"async\" width=\"214\" height=\"100\" data-id=\"134\" src=\"https:\/\/finesolution.sk\/wp-content\/uploads\/2024\/10\/sew_.png\" alt=\"\" class=\"wp-image-134\" style=\"border-radius:20px\"\/><\/figure>\n<\/figure>\n\n\n\n<figure class=\"wp-block-gallery has-nested-images columns-4 is-cropped wp-block-gallery-7 is-layout-flex wp-block-gallery-is-layout-flex\">\n<figure class=\"wp-block-image size-full has-custom-border\"><img loading=\"lazy\" decoding=\"async\" width=\"214\" height=\"100\" data-id=\"280\" src=\"https:\/\/finesolution.sk\/wp-content\/uploads\/2024\/10\/sick.png\" alt=\"\" class=\"wp-image-280\" style=\"border-radius:20px\"\/><\/figure>\n\n\n\n<figure class=\"wp-block-image size-full has-custom-border\"><img loading=\"lazy\" decoding=\"async\" width=\"214\" height=\"100\" data-id=\"135\" src=\"https:\/\/finesolution.sk\/wp-content\/uploads\/2024\/10\/siemens.png\" alt=\"\" class=\"wp-image-135\" style=\"border-radius:20px\"\/><\/figure>\n\n\n\n<figure class=\"wp-block-image size-full has-custom-border\"><img loading=\"lazy\" decoding=\"async\" width=\"214\" height=\"100\" data-id=\"136\" src=\"https:\/\/finesolution.sk\/wp-content\/uploads\/2024\/10\/smc.png\" alt=\"\" class=\"wp-image-136\" style=\"border-radius:20px\"\/><\/figure>\n\n\n\n<figure class=\"wp-block-image size-full has-custom-border\"><img loading=\"lazy\" decoding=\"async\" width=\"214\" height=\"100\" data-id=\"137\" src=\"https:\/\/finesolution.sk\/wp-content\/uploads\/2024\/10\/UR_.png\" alt=\"\" class=\"wp-image-137\" style=\"border-radius:20px\"\/><\/figure>\n<\/figure>\n\n\n\n<h2 class=\"wp-block-heading has-background-color has-text-color has-background has-link-color has-medium-font-size wp-elements-a3b8d63f38829502e9509b49a30ea3f3\" style=\"background-color:#0000009c\">Na\u0161e rie\u0161enia s\u00fa konzultovan\u00e9 s:<\/h2>\n\n\n\n<figure class=\"wp-block-gallery has-nested-images columns-4 is-cropped wp-block-gallery-9 is-layout-flex wp-block-gallery-is-layout-flex\">\n<figure class=\"wp-block-image size-full has-custom-border wp-duotone-unset-8\"><img loading=\"lazy\" decoding=\"async\" width=\"1920\" height=\"994\" data-id=\"269\" src=\"https:\/\/finesolution.sk\/wp-content\/uploads\/2024\/10\/pozadie_orange_dark.jpg\" alt=\"\" class=\"wp-image-269\" style=\"border-radius:20px\" srcset=\"https:\/\/finesolution.sk\/wp-content\/uploads\/2024\/10\/pozadie_orange_dark.jpg 1920w, https:\/\/finesolution.sk\/wp-content\/uploads\/2024\/10\/pozadie_orange_dark-300x155.jpg 300w, https:\/\/finesolution.sk\/wp-content\/uploads\/2024\/10\/pozadie_orange_dark-1024x530.jpg 1024w, https:\/\/finesolution.sk\/wp-content\/uploads\/2024\/10\/pozadie_orange_dark-768x398.jpg 768w, https:\/\/finesolution.sk\/wp-content\/uploads\/2024\/10\/pozadie_orange_dark-1536x795.jpg 1536w\" sizes=\"auto, (max-width: 1920px) 100vw, 1920px\" \/><\/figure>\n\n\n\n<figure class=\"wp-block-image size-full has-custom-border\"><img loading=\"lazy\" decoding=\"async\" width=\"214\" height=\"100\" data-id=\"283\" src=\"https:\/\/finesolution.sk\/wp-content\/uploads\/2024\/10\/TUV.png\" alt=\"\" class=\"wp-image-283\" style=\"border-radius:20px\"\/><\/figure>\n\n\n\n<figure class=\"wp-block-image size-full has-custom-border\"><img loading=\"lazy\" decoding=\"async\" width=\"214\" height=\"100\" data-id=\"282\" src=\"https:\/\/finesolution.sk\/wp-content\/uploads\/2024\/10\/TI.png\" alt=\"\" class=\"wp-image-282\" style=\"border-radius:20px\"\/><\/figure>\n\n\n\n<figure class=\"wp-block-image size-full has-custom-border\"><img loading=\"lazy\" decoding=\"async\" width=\"1920\" height=\"994\" data-id=\"269\" src=\"https:\/\/finesolution.sk\/wp-content\/uploads\/2024\/10\/pozadie_orange_dark.jpg\" alt=\"\" class=\"wp-image-269\" style=\"border-radius:20px\" srcset=\"https:\/\/finesolution.sk\/wp-content\/uploads\/2024\/10\/pozadie_orange_dark.jpg 1920w, https:\/\/finesolution.sk\/wp-content\/uploads\/2024\/10\/pozadie_orange_dark-300x155.jpg 300w, https:\/\/finesolution.sk\/wp-content\/uploads\/2024\/10\/pozadie_orange_dark-1024x530.jpg 1024w, https:\/\/finesolution.sk\/wp-content\/uploads\/2024\/10\/pozadie_orange_dark-768x398.jpg 768w, https:\/\/finesolution.sk\/wp-content\/uploads\/2024\/10\/pozadie_orange_dark-1536x795.jpg 1536w\" sizes=\"auto, (max-width: 1920px) 100vw, 1920px\" \/><\/figure>\n<\/figure>\n\n\n\n<div style=\"height:100px\" aria-hidden=\"true\" class=\"wp-block-spacer\"><\/div>\n","protected":false},"excerpt":{"rendered":"<p>Na\u0161e know-how sme nadobudli so spolo\u010dnos\u0165ami: Na\u0161e rie\u0161enia s\u00fa podporovan\u00e9 dod\u00e1vate\u013emi: Na\u0161e rie\u0161enia s\u00fa konzultovan\u00e9 s:<\/p>\n","protected":false},"author":1,"featured_media":0,"parent":0,"menu_order":0,"comment_status":"closed","ping_status":"closed","template":"","meta":{"advgb_blocks_editor_width":"","advgb_blocks_columns_visual_guide":"","footnotes":""},"class_list":["post-32","page","type-page","status-publish","hentry"],"yoast_head":"<!-- This site is optimized with the Yoast SEO plugin v27.4 - https:\/\/yoast.com\/product\/yoast-seo-wordpress\/ -->\n<title>Referencie - FINE Solution s.r.o.<\/title>\n<meta name=\"robots\" content=\"index, follow, max-snippet:-1, max-image-preview:large, max-video-preview:-1\" \/>\n<link rel=\"canonical\" href=\"https:\/\/finesolution.sk\/?page_id=32\" \/>\n<meta property=\"og:locale\" content=\"sk_SK\" \/>\n<meta property=\"og:type\" content=\"article\" \/>\n<meta property=\"og:title\" content=\"Referencie - FINE Solution s.r.o.\" \/>\n<meta property=\"og:description\" content=\"Na\u0161e know-how sme nadobudli so spolo\u010dnos\u0165ami: Na\u0161e rie\u0161enia s\u00fa podporovan\u00e9 dod\u00e1vate\u013emi: Na\u0161e rie\u0161enia s\u00fa konzultovan\u00e9 s:\" \/>\n<meta property=\"og:url\" content=\"https:\/\/finesolution.sk\/?page_id=32\" \/>\n<meta property=\"og:site_name\" content=\"FINE Solution s.r.o.\" \/>\n<meta property=\"article:modified_time\" content=\"2026-03-17T18:55:02+00:00\" \/>\n<meta property=\"og:image\" content=\"https:\/\/finesolution.sk\/wp-content\/uploads\/2024\/10\/faurecia.png\" \/>\n\t<meta property=\"og:image:width\" content=\"214\" \/>\n\t<meta property=\"og:image:height\" content=\"100\" \/>\n\t<meta property=\"og:image:type\" content=\"image\/png\" \/>\n<meta name=\"twitter:card\" content=\"summary_large_image\" \/>\n<meta name=\"twitter:label1\" content=\"Predpokladan\u00fd \u010das \u010d\u00edtania\" \/>\n\t<meta name=\"twitter:data1\" content=\"6 min\u00fat\" \/>\n<script type=\"application\/ld+json\" class=\"yoast-schema-graph\">{\"@context\":\"https:\\\/\\\/schema.org\",\"@graph\":[{\"@type\":\"WebPage\",\"@id\":\"https:\\\/\\\/finesolution.sk\\\/?page_id=32\",\"url\":\"https:\\\/\\\/finesolution.sk\\\/?page_id=32\",\"name\":\"Referencie - FINE Solution s.r.o.\",\"isPartOf\":{\"@id\":\"https:\\\/\\\/finesolution.sk\\\/#website\"},\"primaryImageOfPage\":{\"@id\":\"https:\\\/\\\/finesolution.sk\\\/?page_id=32#primaryimage\"},\"image\":{\"@id\":\"https:\\\/\\\/finesolution.sk\\\/?page_id=32#primaryimage\"},\"thumbnailUrl\":\"https:\\\/\\\/finesolution.sk\\\/wp-content\\\/uploads\\\/2024\\\/10\\\/faurecia.png\",\"datePublished\":\"2024-10-04T11:03:54+00:00\",\"dateModified\":\"2026-03-17T18:55:02+00:00\",\"breadcrumb\":{\"@id\":\"https:\\\/\\\/finesolution.sk\\\/?page_id=32#breadcrumb\"},\"inLanguage\":\"sk-SK\",\"potentialAction\":[{\"@type\":\"ReadAction\",\"target\":[\"https:\\\/\\\/finesolution.sk\\\/?page_id=32\"]}]},{\"@type\":\"ImageObject\",\"inLanguage\":\"sk-SK\",\"@id\":\"https:\\\/\\\/finesolution.sk\\\/?page_id=32#primaryimage\",\"url\":\"https:\\\/\\\/finesolution.sk\\\/wp-content\\\/uploads\\\/2024\\\/10\\\/faurecia.png\",\"contentUrl\":\"https:\\\/\\\/finesolution.sk\\\/wp-content\\\/uploads\\\/2024\\\/10\\\/faurecia.png\",\"width\":214,\"height\":100},{\"@type\":\"BreadcrumbList\",\"@id\":\"https:\\\/\\\/finesolution.sk\\\/?page_id=32#breadcrumb\",\"itemListElement\":[{\"@type\":\"ListItem\",\"position\":1,\"name\":\"Home\",\"item\":\"https:\\\/\\\/finesolution.sk\\\/\"},{\"@type\":\"ListItem\",\"position\":2,\"name\":\"Referencie\"}]},{\"@type\":\"WebSite\",\"@id\":\"https:\\\/\\\/finesolution.sk\\\/#website\",\"url\":\"https:\\\/\\\/finesolution.sk\\\/\",\"name\":\"FINE Solution s.r.o.\",\"description\":\"Po\u010fme spolu n\u00e1js\u0165 FINE rie\u0161enie\",\"publisher\":{\"@id\":\"https:\\\/\\\/finesolution.sk\\\/#organization\"},\"potentialAction\":[{\"@type\":\"SearchAction\",\"target\":{\"@type\":\"EntryPoint\",\"urlTemplate\":\"https:\\\/\\\/finesolution.sk\\\/?s={search_term_string}\"},\"query-input\":{\"@type\":\"PropertyValueSpecification\",\"valueRequired\":true,\"valueName\":\"search_term_string\"}}],\"inLanguage\":\"sk-SK\"},{\"@type\":\"Organization\",\"@id\":\"https:\\\/\\\/finesolution.sk\\\/#organization\",\"name\":\"FINE Solution s.r.o.\",\"url\":\"https:\\\/\\\/finesolution.sk\\\/\",\"logo\":{\"@type\":\"ImageObject\",\"inLanguage\":\"sk-SK\",\"@id\":\"https:\\\/\\\/finesolution.sk\\\/#\\\/schema\\\/logo\\\/image\\\/\",\"url\":\"https:\\\/\\\/finesolution.sk\\\/wp-content\\\/uploads\\\/2024\\\/10\\\/FINE_Solution_logo.png\",\"contentUrl\":\"https:\\\/\\\/finesolution.sk\\\/wp-content\\\/uploads\\\/2024\\\/10\\\/FINE_Solution_logo.png\",\"width\":1300,\"height\":500,\"caption\":\"FINE Solution s.r.o.\"},\"image\":{\"@id\":\"https:\\\/\\\/finesolution.sk\\\/#\\\/schema\\\/logo\\\/image\\\/\"}}]}<\/script>\n<!-- \/ Yoast SEO plugin. -->","yoast_head_json":{"title":"Referencie - FINE Solution s.r.o.","robots":{"index":"index","follow":"follow","max-snippet":"max-snippet:-1","max-image-preview":"max-image-preview:large","max-video-preview":"max-video-preview:-1"},"canonical":"https:\/\/finesolution.sk\/?page_id=32","og_locale":"sk_SK","og_type":"article","og_title":"Referencie - FINE Solution s.r.o.","og_description":"Na\u0161e know-how sme nadobudli so spolo\u010dnos\u0165ami: Na\u0161e rie\u0161enia s\u00fa podporovan\u00e9 dod\u00e1vate\u013emi: Na\u0161e rie\u0161enia s\u00fa konzultovan\u00e9 s:","og_url":"https:\/\/finesolution.sk\/?page_id=32","og_site_name":"FINE Solution s.r.o.","article_modified_time":"2026-03-17T18:55:02+00:00","og_image":[{"width":214,"height":100,"url":"https:\/\/finesolution.sk\/wp-content\/uploads\/2024\/10\/faurecia.png","type":"image\/png"}],"twitter_card":"summary_large_image","twitter_misc":{"Predpokladan\u00fd \u010das \u010d\u00edtania":"6 min\u00fat"},"schema":{"@context":"https:\/\/schema.org","@graph":[{"@type":"WebPage","@id":"https:\/\/finesolution.sk\/?page_id=32","url":"https:\/\/finesolution.sk\/?page_id=32","name":"Referencie - FINE Solution s.r.o.","isPartOf":{"@id":"https:\/\/finesolution.sk\/#website"},"primaryImageOfPage":{"@id":"https:\/\/finesolution.sk\/?page_id=32#primaryimage"},"image":{"@id":"https:\/\/finesolution.sk\/?page_id=32#primaryimage"},"thumbnailUrl":"https:\/\/finesolution.sk\/wp-content\/uploads\/2024\/10\/faurecia.png","datePublished":"2024-10-04T11:03:54+00:00","dateModified":"2026-03-17T18:55:02+00:00","breadcrumb":{"@id":"https:\/\/finesolution.sk\/?page_id=32#breadcrumb"},"inLanguage":"sk-SK","potentialAction":[{"@type":"ReadAction","target":["https:\/\/finesolution.sk\/?page_id=32"]}]},{"@type":"ImageObject","inLanguage":"sk-SK","@id":"https:\/\/finesolution.sk\/?page_id=32#primaryimage","url":"https:\/\/finesolution.sk\/wp-content\/uploads\/2024\/10\/faurecia.png","contentUrl":"https:\/\/finesolution.sk\/wp-content\/uploads\/2024\/10\/faurecia.png","width":214,"height":100},{"@type":"BreadcrumbList","@id":"https:\/\/finesolution.sk\/?page_id=32#breadcrumb","itemListElement":[{"@type":"ListItem","position":1,"name":"Home","item":"https:\/\/finesolution.sk\/"},{"@type":"ListItem","position":2,"name":"Referencie"}]},{"@type":"WebSite","@id":"https:\/\/finesolution.sk\/#website","url":"https:\/\/finesolution.sk\/","name":"FINE Solution s.r.o.","description":"Po\u010fme spolu n\u00e1js\u0165 FINE rie\u0161enie","publisher":{"@id":"https:\/\/finesolution.sk\/#organization"},"potentialAction":[{"@type":"SearchAction","target":{"@type":"EntryPoint","urlTemplate":"https:\/\/finesolution.sk\/?s={search_term_string}"},"query-input":{"@type":"PropertyValueSpecification","valueRequired":true,"valueName":"search_term_string"}}],"inLanguage":"sk-SK"},{"@type":"Organization","@id":"https:\/\/finesolution.sk\/#organization","name":"FINE Solution s.r.o.","url":"https:\/\/finesolution.sk\/","logo":{"@type":"ImageObject","inLanguage":"sk-SK","@id":"https:\/\/finesolution.sk\/#\/schema\/logo\/image\/","url":"https:\/\/finesolution.sk\/wp-content\/uploads\/2024\/10\/FINE_Solution_logo.png","contentUrl":"https:\/\/finesolution.sk\/wp-content\/uploads\/2024\/10\/FINE_Solution_logo.png","width":1300,"height":500,"caption":"FINE Solution s.r.o."},"image":{"@id":"https:\/\/finesolution.sk\/#\/schema\/logo\/image\/"}}]}},"coauthors":[],"author_meta":{"author_link":"https:\/\/finesolution.sk\/?author=1","display_name":"Fines"},"relative_dates":{"created":"Posted 2 roky ago","modified":"Updated 1 mesiac ago"},"absolute_dates":{"created":"Posted on 4. okt\u00f3bra 2024","modified":"Updated on 17. marca 2026"},"absolute_dates_time":{"created":"Posted on 4. okt\u00f3bra 2024 13:03","modified":"Updated on 17. marca 2026 19:55"},"featured_img_caption":"","featured_img":false,"series_order":"","_links":{"self":[{"href":"https:\/\/finesolution.sk\/index.php?rest_route=\/wp\/v2\/pages\/32","targetHints":{"allow":["GET"]}}],"collection":[{"href":"https:\/\/finesolution.sk\/index.php?rest_route=\/wp\/v2\/pages"}],"about":[{"href":"https:\/\/finesolution.sk\/index.php?rest_route=\/wp\/v2\/types\/page"}],"author":[{"embeddable":true,"href":"https:\/\/finesolution.sk\/index.php?rest_route=\/wp\/v2\/users\/1"}],"replies":[{"embeddable":true,"href":"https:\/\/finesolution.sk\/index.php?rest_route=%2Fwp%2Fv2%2Fcomments&post=32"}],"version-history":[{"count":6,"href":"https:\/\/finesolution.sk\/index.php?rest_route=\/wp\/v2\/pages\/32\/revisions"}],"predecessor-version":[{"id":405,"href":"https:\/\/finesolution.sk\/index.php?rest_route=\/wp\/v2\/pages\/32\/revisions\/405"}],"wp:attachment":[{"href":"https:\/\/finesolution.sk\/index.php?rest_route=%2Fwp%2Fv2%2Fmedia&parent=32"}],"curies":[{"name":"wp","href":"https:\/\/api.w.org\/{rel}","templated":true}]}}