{"id":324,"date":"2026-03-01T20:50:00","date_gmt":"2026-03-01T19:50:00","guid":{"rendered":"https:\/\/finesolution.sk\/?page_id=324"},"modified":"2026-03-17T22:10:50","modified_gmt":"2026-03-17T21:10:50","slug":"politika-kvality","status":"publish","type":"page","link":"https:\/\/finesolution.sk\/?page_id=324","title":{"rendered":"Politika kvality"},"content":{"rendered":"\n<pre class=\"wp-block-preformatted has-background-color has-text-color has-background has-manrope-font-family has-small-font-size\" style=\"border-style:none;border-width:0px;border-radius:0px;background-color:#0000009c;margin-top:0;margin-right:0;margin-bottom:0;margin-left:0;padding-top:0;padding-right:0;padding-bottom:0;padding-left:0\">Spolo\u010dnos\u0165 FINE Solution s.r.o. sa zameriava na vykon\u00e1vanie in\u017einierskej \u010dinnosti a poradenstva v oblasti projektovania, n\u00e1vrhu dizajnu produktu a spracovania technickej dokument\u00e1cie vr\u00e1tanie zabezpe\u010denia CE \u2013 tzv. vyhl\u00e1senia o zhode.<br><br>Prim\u00e1rnym cie\u013eov\u00fdm trhom spolo\u010dnosti s\u00fa spolo\u010dnosti z oblasti automobilov\u00e9ho priemyslu, logistiky, stroj\u00e1rskej v\u00fdroby a potravin\u00e1rskeho priemyslu, ktor\u00e9 potrebuj\u00fa odborn\u00e9 in\u017einierske rie\u0161enia. Sekund\u00e1rnym trhom s\u00fa men\u0161ie a stredn\u00e9 podniky, ktor\u00e9 h\u013eadaj\u00fa inovat\u00edvne technol\u00f3gie a rie\u0161enia pre zlep\u0161enie svojej konkurencieschopnosti.<br><br>V zmysle z\u00e1sad trvalo udr\u017eate\u013en\u00e9ho rozvoja sa spolo\u010dnos\u0165 rozhodla prija\u0165 z\u00e1v\u00e4zok vytvori\u0165, zdokumentova\u0165, implementova\u0165, udr\u017eiava\u0165, pravidelne presk\u00famava\u0165 a t\u00fdm neust\u00e1le zlep\u0161ova\u0165 syst\u00e9m mana\u017e\u00e9rstva kvality pod\u013ea medzin\u00e1rodnej normy ISO 9001. Z\u00e1rove\u0148 sa zav\u00e4zujeme:<br><br>    \u2022 neust\u00e1lym vzdel\u00e1van\u00edm a v\u00fdchovou zamestnancov zni\u017eova\u0165 negat\u00edvne vplyvy procesov    vykon\u00e1van\u00fdch spolo\u010dnos\u0165ou na kvalitu jej dod\u00e1van\u00fdch  slu\u017eieb <br>     \u2022 k zabezpe\u010deniu pr\u00edle\u017eitost\u00ed na celo\u017eivotn\u00e9 vzdel\u00e1vanie v\u0161etk\u00fdch zamestnancov<br>     \u2022 presn\u00e9 a jasn\u00e9 definovanie zodpovednost\u00ed a pr\u00e1vomoc\u00ed v\u0161etk\u00fdch zamestnancov<br>     \u2022 plni\u0165 a dodr\u017eiava\u0165 po\u017eiadavky pr\u00edslu\u0161n\u00fdch z\u00e1konov, nariaden\u00ed a noriem. Z\u00e1rove\u0148 dodr\u017eiava\u0165 po\u017eiadavky pr\u00e1vneho a in\u00e9ho  charakteru, kladen\u00e9 na kvalitu na\u0161ich slu\u017eieb<br>     \u2022 prij\u00edma\u0165 merate\u013en\u00e9 ciele zameran\u00e9 na zlep\u0161ovanie kvality dod\u00e1vanej slu\u017eby <br>     \u2022 k efekt\u00edvnej komunik\u00e1cia v r\u00e1mci celej spolo\u010dnosti<br>     \u2022 o neust\u00e1ly rozvoj infra\u0161trukt\u00fary a vyu\u017eitie informa\u010dn\u00fdch technol\u00f3gi\u00ed s cie\u013eom dosahova\u0165 po\u017eadovan\u00fa kvalitu a tak uspokojova\u0165 potreby z\u00e1kazn\u00edkov<br>     \u2022 o zabezpe\u010denie neust\u00e1leho zlep\u0161ovania spolo\u010dnosti vo v\u0161etk\u00fdch oblastiach \u010dinnosti<br><br><br><br>V Trnave 08.12.2025\t\t\t\t\t   \t\t                                                                              <br>konate\u013eka  spolo\u010dnosti                                                                                                                          Bc. Ivana Mari\u010d\u00e1kov\u00e1<br><\/pre>\n\n\n\n<div class=\"wp-block-group is-content-justification-right is-nowrap is-layout-flex wp-container-core-group-is-layout-17124a9a wp-block-group-is-layout-flex\">\n<figure class=\"wp-block-image size-medium\"><img loading=\"lazy\" decoding=\"async\" width=\"300\" height=\"152\" src=\"https:\/\/finesolution.sk\/wp-content\/uploads\/2026\/03\/Ivka-peciatka-300x152.jpg\" alt=\"\" class=\"wp-image-341\" srcset=\"https:\/\/finesolution.sk\/wp-content\/uploads\/2026\/03\/Ivka-peciatka-300x152.jpg 300w, https:\/\/finesolution.sk\/wp-content\/uploads\/2026\/03\/Ivka-peciatka.jpg 680w\" sizes=\"auto, (max-width: 300px) 100vw, 300px\" \/><\/figure>\n<\/div>\n\n\n\n<div style=\"height:100px\" aria-hidden=\"true\" class=\"wp-block-spacer\"><\/div>\n\n\n\n<p><\/p>\n\n\n\n<p><\/p>\n","protected":false},"excerpt":{"rendered":"<p>Spolo\u010dnos\u0165 FINE Solution s.r.o. sa zameriava na vykon\u00e1vanie in\u017einierskej \u010dinnosti a poradenstva v oblasti projektovania, n\u00e1vrhu dizajnu produktu a spracovania technickej dokument\u00e1cie vr\u00e1tanie zabezpe\u010denia CE \u2013 tzv. vyhl\u00e1senia o zhode.Prim\u00e1rnym cie\u013eov\u00fdm trhom spolo\u010dnosti s\u00fa spolo\u010dnosti z oblasti automobilov\u00e9ho priemyslu, logistiky, stroj\u00e1rskej v\u00fdroby a potravin\u00e1rskeho priemyslu, ktor\u00e9 potrebuj\u00fa odborn\u00e9 in\u017einierske rie\u0161enia. Sekund\u00e1rnym trhom s\u00fa men\u0161ie a [&hellip;]<\/p>\n","protected":false},"author":1,"featured_media":0,"parent":0,"menu_order":0,"comment_status":"closed","ping_status":"closed","template":"","meta":{"advgb_blocks_editor_width":"","advgb_blocks_columns_visual_guide":"","footnotes":""},"class_list":["post-324","page","type-page","status-publish","hentry"],"yoast_head":"<!-- This site is optimized with the Yoast SEO plugin v27.4 - https:\/\/yoast.com\/product\/yoast-seo-wordpress\/ -->\n<title>Politika kvality - FINE Solution s.r.o.<\/title>\n<meta name=\"robots\" content=\"index, follow, max-snippet:-1, max-image-preview:large, max-video-preview:-1\" \/>\n<link rel=\"canonical\" href=\"https:\/\/finesolution.sk\/?page_id=324\" \/>\n<meta property=\"og:locale\" content=\"sk_SK\" \/>\n<meta property=\"og:type\" content=\"article\" \/>\n<meta property=\"og:title\" content=\"Politika kvality - FINE Solution s.r.o.\" \/>\n<meta property=\"og:description\" content=\"Spolo\u010dnos\u0165 FINE Solution s.r.o. sa zameriava na vykon\u00e1vanie in\u017einierskej \u010dinnosti a poradenstva v oblasti projektovania, n\u00e1vrhu dizajnu produktu a spracovania technickej dokument\u00e1cie vr\u00e1tanie zabezpe\u010denia CE \u2013 tzv. vyhl\u00e1senia o zhode.Prim\u00e1rnym cie\u013eov\u00fdm trhom spolo\u010dnosti s\u00fa spolo\u010dnosti z oblasti automobilov\u00e9ho priemyslu, logistiky, stroj\u00e1rskej v\u00fdroby a potravin\u00e1rskeho priemyslu, ktor\u00e9 potrebuj\u00fa odborn\u00e9 in\u017einierske rie\u0161enia. Sekund\u00e1rnym trhom s\u00fa men\u0161ie a [&hellip;]\" \/>\n<meta property=\"og:url\" content=\"https:\/\/finesolution.sk\/?page_id=324\" \/>\n<meta property=\"og:site_name\" content=\"FINE Solution s.r.o.\" \/>\n<meta property=\"article:modified_time\" content=\"2026-03-17T21:10:50+00:00\" \/>\n<meta property=\"og:image\" content=\"https:\/\/finesolution.sk\/wp-content\/uploads\/2026\/03\/Ivka-peciatka.jpg\" \/>\n\t<meta property=\"og:image:width\" content=\"680\" \/>\n\t<meta property=\"og:image:height\" content=\"345\" \/>\n\t<meta property=\"og:image:type\" content=\"image\/jpeg\" \/>\n<meta name=\"twitter:card\" content=\"summary_large_image\" \/>\n<meta name=\"twitter:label1\" content=\"Predpokladan\u00fd \u010das \u010d\u00edtania\" \/>\n\t<meta name=\"twitter:data1\" content=\"2 min\u00faty\" \/>\n<script type=\"application\/ld+json\" class=\"yoast-schema-graph\">{\"@context\":\"https:\\\/\\\/schema.org\",\"@graph\":[{\"@type\":\"WebPage\",\"@id\":\"https:\\\/\\\/finesolution.sk\\\/?page_id=324\",\"url\":\"https:\\\/\\\/finesolution.sk\\\/?page_id=324\",\"name\":\"Politika kvality - FINE Solution s.r.o.\",\"isPartOf\":{\"@id\":\"https:\\\/\\\/finesolution.sk\\\/#website\"},\"primaryImageOfPage\":{\"@id\":\"https:\\\/\\\/finesolution.sk\\\/?page_id=324#primaryimage\"},\"image\":{\"@id\":\"https:\\\/\\\/finesolution.sk\\\/?page_id=324#primaryimage\"},\"thumbnailUrl\":\"https:\\\/\\\/finesolution.sk\\\/wp-content\\\/uploads\\\/2026\\\/03\\\/Ivka-peciatka-300x152.jpg\",\"datePublished\":\"2026-03-01T19:50:00+00:00\",\"dateModified\":\"2026-03-17T21:10:50+00:00\",\"breadcrumb\":{\"@id\":\"https:\\\/\\\/finesolution.sk\\\/?page_id=324#breadcrumb\"},\"inLanguage\":\"sk-SK\",\"potentialAction\":[{\"@type\":\"ReadAction\",\"target\":[\"https:\\\/\\\/finesolution.sk\\\/?page_id=324\"]}]},{\"@type\":\"ImageObject\",\"inLanguage\":\"sk-SK\",\"@id\":\"https:\\\/\\\/finesolution.sk\\\/?page_id=324#primaryimage\",\"url\":\"https:\\\/\\\/finesolution.sk\\\/wp-content\\\/uploads\\\/2026\\\/03\\\/Ivka-peciatka.jpg\",\"contentUrl\":\"https:\\\/\\\/finesolution.sk\\\/wp-content\\\/uploads\\\/2026\\\/03\\\/Ivka-peciatka.jpg\",\"width\":680,\"height\":345},{\"@type\":\"BreadcrumbList\",\"@id\":\"https:\\\/\\\/finesolution.sk\\\/?page_id=324#breadcrumb\",\"itemListElement\":[{\"@type\":\"ListItem\",\"position\":1,\"name\":\"Home\",\"item\":\"https:\\\/\\\/finesolution.sk\\\/\"},{\"@type\":\"ListItem\",\"position\":2,\"name\":\"Politika kvality\"}]},{\"@type\":\"WebSite\",\"@id\":\"https:\\\/\\\/finesolution.sk\\\/#website\",\"url\":\"https:\\\/\\\/finesolution.sk\\\/\",\"name\":\"FINE Solution s.r.o.\",\"description\":\"Po\u010fme spolu n\u00e1js\u0165 FINE rie\u0161enie\",\"publisher\":{\"@id\":\"https:\\\/\\\/finesolution.sk\\\/#organization\"},\"potentialAction\":[{\"@type\":\"SearchAction\",\"target\":{\"@type\":\"EntryPoint\",\"urlTemplate\":\"https:\\\/\\\/finesolution.sk\\\/?s={search_term_string}\"},\"query-input\":{\"@type\":\"PropertyValueSpecification\",\"valueRequired\":true,\"valueName\":\"search_term_string\"}}],\"inLanguage\":\"sk-SK\"},{\"@type\":\"Organization\",\"@id\":\"https:\\\/\\\/finesolution.sk\\\/#organization\",\"name\":\"FINE Solution s.r.o.\",\"url\":\"https:\\\/\\\/finesolution.sk\\\/\",\"logo\":{\"@type\":\"ImageObject\",\"inLanguage\":\"sk-SK\",\"@id\":\"https:\\\/\\\/finesolution.sk\\\/#\\\/schema\\\/logo\\\/image\\\/\",\"url\":\"https:\\\/\\\/finesolution.sk\\\/wp-content\\\/uploads\\\/2024\\\/10\\\/FINE_Solution_logo.png\",\"contentUrl\":\"https:\\\/\\\/finesolution.sk\\\/wp-content\\\/uploads\\\/2024\\\/10\\\/FINE_Solution_logo.png\",\"width\":1300,\"height\":500,\"caption\":\"FINE Solution s.r.o.\"},\"image\":{\"@id\":\"https:\\\/\\\/finesolution.sk\\\/#\\\/schema\\\/logo\\\/image\\\/\"}}]}<\/script>\n<!-- \/ Yoast SEO plugin. -->","yoast_head_json":{"title":"Politika kvality - FINE Solution s.r.o.","robots":{"index":"index","follow":"follow","max-snippet":"max-snippet:-1","max-image-preview":"max-image-preview:large","max-video-preview":"max-video-preview:-1"},"canonical":"https:\/\/finesolution.sk\/?page_id=324","og_locale":"sk_SK","og_type":"article","og_title":"Politika kvality - FINE Solution s.r.o.","og_description":"Spolo\u010dnos\u0165 FINE Solution s.r.o. sa zameriava na vykon\u00e1vanie in\u017einierskej \u010dinnosti a poradenstva v oblasti projektovania, n\u00e1vrhu dizajnu produktu a spracovania technickej dokument\u00e1cie vr\u00e1tanie zabezpe\u010denia CE \u2013 tzv. vyhl\u00e1senia o zhode.Prim\u00e1rnym cie\u013eov\u00fdm trhom spolo\u010dnosti s\u00fa spolo\u010dnosti z oblasti automobilov\u00e9ho priemyslu, logistiky, stroj\u00e1rskej v\u00fdroby a potravin\u00e1rskeho priemyslu, ktor\u00e9 potrebuj\u00fa odborn\u00e9 in\u017einierske rie\u0161enia. Sekund\u00e1rnym trhom s\u00fa men\u0161ie a [&hellip;]","og_url":"https:\/\/finesolution.sk\/?page_id=324","og_site_name":"FINE Solution s.r.o.","article_modified_time":"2026-03-17T21:10:50+00:00","og_image":[{"width":680,"height":345,"url":"https:\/\/finesolution.sk\/wp-content\/uploads\/2026\/03\/Ivka-peciatka.jpg","type":"image\/jpeg"}],"twitter_card":"summary_large_image","twitter_misc":{"Predpokladan\u00fd \u010das \u010d\u00edtania":"2 min\u00faty"},"schema":{"@context":"https:\/\/schema.org","@graph":[{"@type":"WebPage","@id":"https:\/\/finesolution.sk\/?page_id=324","url":"https:\/\/finesolution.sk\/?page_id=324","name":"Politika kvality - FINE Solution s.r.o.","isPartOf":{"@id":"https:\/\/finesolution.sk\/#website"},"primaryImageOfPage":{"@id":"https:\/\/finesolution.sk\/?page_id=324#primaryimage"},"image":{"@id":"https:\/\/finesolution.sk\/?page_id=324#primaryimage"},"thumbnailUrl":"https:\/\/finesolution.sk\/wp-content\/uploads\/2026\/03\/Ivka-peciatka-300x152.jpg","datePublished":"2026-03-01T19:50:00+00:00","dateModified":"2026-03-17T21:10:50+00:00","breadcrumb":{"@id":"https:\/\/finesolution.sk\/?page_id=324#breadcrumb"},"inLanguage":"sk-SK","potentialAction":[{"@type":"ReadAction","target":["https:\/\/finesolution.sk\/?page_id=324"]}]},{"@type":"ImageObject","inLanguage":"sk-SK","@id":"https:\/\/finesolution.sk\/?page_id=324#primaryimage","url":"https:\/\/finesolution.sk\/wp-content\/uploads\/2026\/03\/Ivka-peciatka.jpg","contentUrl":"https:\/\/finesolution.sk\/wp-content\/uploads\/2026\/03\/Ivka-peciatka.jpg","width":680,"height":345},{"@type":"BreadcrumbList","@id":"https:\/\/finesolution.sk\/?page_id=324#breadcrumb","itemListElement":[{"@type":"ListItem","position":1,"name":"Home","item":"https:\/\/finesolution.sk\/"},{"@type":"ListItem","position":2,"name":"Politika kvality"}]},{"@type":"WebSite","@id":"https:\/\/finesolution.sk\/#website","url":"https:\/\/finesolution.sk\/","name":"FINE Solution s.r.o.","description":"Po\u010fme spolu n\u00e1js\u0165 FINE rie\u0161enie","publisher":{"@id":"https:\/\/finesolution.sk\/#organization"},"potentialAction":[{"@type":"SearchAction","target":{"@type":"EntryPoint","urlTemplate":"https:\/\/finesolution.sk\/?s={search_term_string}"},"query-input":{"@type":"PropertyValueSpecification","valueRequired":true,"valueName":"search_term_string"}}],"inLanguage":"sk-SK"},{"@type":"Organization","@id":"https:\/\/finesolution.sk\/#organization","name":"FINE Solution s.r.o.","url":"https:\/\/finesolution.sk\/","logo":{"@type":"ImageObject","inLanguage":"sk-SK","@id":"https:\/\/finesolution.sk\/#\/schema\/logo\/image\/","url":"https:\/\/finesolution.sk\/wp-content\/uploads\/2024\/10\/FINE_Solution_logo.png","contentUrl":"https:\/\/finesolution.sk\/wp-content\/uploads\/2024\/10\/FINE_Solution_logo.png","width":1300,"height":500,"caption":"FINE Solution s.r.o."},"image":{"@id":"https:\/\/finesolution.sk\/#\/schema\/logo\/image\/"}}]}},"coauthors":[],"author_meta":{"author_link":"https:\/\/finesolution.sk\/?author=1","display_name":"Fines"},"relative_dates":{"created":"Posted 2 mesiace ago","modified":"Updated 1 mesiac ago"},"absolute_dates":{"created":"Posted on 1. marca 2026","modified":"Updated on 17. marca 2026"},"absolute_dates_time":{"created":"Posted on 1. marca 2026 20:50","modified":"Updated on 17. marca 2026 22:10"},"featured_img_caption":"","featured_img":false,"series_order":"","_links":{"self":[{"href":"https:\/\/finesolution.sk\/index.php?rest_route=\/wp\/v2\/pages\/324","targetHints":{"allow":["GET"]}}],"collection":[{"href":"https:\/\/finesolution.sk\/index.php?rest_route=\/wp\/v2\/pages"}],"about":[{"href":"https:\/\/finesolution.sk\/index.php?rest_route=\/wp\/v2\/types\/page"}],"author":[{"embeddable":true,"href":"https:\/\/finesolution.sk\/index.php?rest_route=\/wp\/v2\/users\/1"}],"replies":[{"embeddable":true,"href":"https:\/\/finesolution.sk\/index.php?rest_route=%2Fwp%2Fv2%2Fcomments&post=324"}],"version-history":[{"count":6,"href":"https:\/\/finesolution.sk\/index.php?rest_route=\/wp\/v2\/pages\/324\/revisions"}],"predecessor-version":[{"id":468,"href":"https:\/\/finesolution.sk\/index.php?rest_route=\/wp\/v2\/pages\/324\/revisions\/468"}],"wp:attachment":[{"href":"https:\/\/finesolution.sk\/index.php?rest_route=%2Fwp%2Fv2%2Fmedia&parent=324"}],"curies":[{"name":"wp","href":"https:\/\/api.w.org\/{rel}","templated":true}]}}