{"id":365,"date":"2026-03-13T12:41:12","date_gmt":"2026-03-13T11:41:12","guid":{"rendered":"https:\/\/finesolution.sk\/index.php\/o-nas-english\/"},"modified":"2026-03-17T19:18:56","modified_gmt":"2026-03-17T18:18:56","slug":"o-nas-english","status":"publish","type":"page","link":"https:\/\/finesolution.sk\/?lang=en","title":{"rendered":"About"},"content":{"rendered":"\n<div class=\"wp-block-group has-background-color has-text-color has-background has-link-color has-medium-font-size wp-elements-0cc0da588ce24d6a71e7eb66e6ffc00e has-global-padding is-content-justification-center is-layout-constrained wp-container-core-group-is-layout-93c77b17 wp-block-group-is-layout-constrained\" style=\"border-style:none;border-width:0px;border-radius:0px;background-color:#0000009c;margin-top:0;margin-bottom:0;padding-top:0px;padding-right:0px;padding-bottom:0px;padding-left:0px\">\n<p>FINE Solution s.r.o. is an engineering company built on 15 years of expertise and experience in the automotive industry.<\/p>\n\n\n\n<p>As of March 3, 2026, we have a certified ISO 9001 quality management system.<\/p>\n\n\n\n<p>Our team consists of highly qualified experts with technical knowledge and a modern approach to solving even the most demanding technical challenges. We are able to apply this experience across other industrial sectors as well.<\/p>\n\n\n\n<p>With our experience and technical skills, we are able to provide comprehensive services from design through production to installation and equipment maintenance.<\/p>\n\n\n\n<p>Our priority is to build long-term partnerships with customers based on trust, professionalism, and an individual approach.<\/p>\n\n\n\n<p>The preparation and delivery of complete technical documentation, including safety requirements in cooperation with T\u00dcV S\u00dcD or TI, is a matter of course.<\/p>\n<\/div>\n\n\n\n<div style=\"height:100px\" aria-hidden=\"true\" class=\"wp-block-spacer\"><\/div>\n","protected":false},"excerpt":{"rendered":"<p>FINE Solution s.r.o. is an engineering company built on 15 years of expertise and experience in the automotive industry. As of March 3, 2026, we have a certified ISO 9001 quality management system. Our team consists of highly qualified experts with technical knowledge and a modern approach to solving even the most demanding technical challenges. [&hellip;]<\/p>\n","protected":false},"author":1,"featured_media":322,"parent":0,"menu_order":0,"comment_status":"closed","ping_status":"closed","template":"","meta":{"advgb_blocks_editor_width":"","advgb_blocks_columns_visual_guide":"","footnotes":""},"class_list":["post-365","page","type-page","status-publish","has-post-thumbnail","hentry"],"yoast_head":"<!-- This site is optimized with the Yoast SEO plugin v27.4 - https:\/\/yoast.com\/product\/yoast-seo-wordpress\/ -->\n<title>About - FINE Solution s.r.o.<\/title>\n<meta name=\"robots\" content=\"index, follow, max-snippet:-1, max-image-preview:large, max-video-preview:-1\" \/>\n<link rel=\"canonical\" href=\"https:\/\/finesolution.sk\/?lang=en\" \/>\n<meta property=\"og:locale\" content=\"sk_SK\" \/>\n<meta property=\"og:type\" content=\"article\" \/>\n<meta property=\"og:title\" content=\"About - FINE Solution s.r.o.\" \/>\n<meta property=\"og:description\" content=\"FINE Solution s.r.o. is an engineering company built on 15 years of expertise and experience in the automotive industry. As of March 3, 2026, we have a certified ISO 9001 quality management system. Our team consists of highly qualified experts with technical knowledge and a modern approach to solving even the most demanding technical challenges. [&hellip;]\" \/>\n<meta property=\"og:url\" content=\"https:\/\/finesolution.sk\/?lang=en\" \/>\n<meta property=\"og:site_name\" content=\"FINE Solution s.r.o.\" \/>\n<meta property=\"article:modified_time\" content=\"2026-03-17T18:18:56+00:00\" \/>\n<meta property=\"og:image\" content=\"https:\/\/finesolution.sk\/wp-content\/uploads\/2026\/03\/handshake_big.jpg\" \/>\n\t<meta property=\"og:image:width\" content=\"1280\" \/>\n\t<meta property=\"og:image:height\" content=\"853\" \/>\n\t<meta property=\"og:image:type\" content=\"image\/jpeg\" \/>\n<meta name=\"twitter:card\" content=\"summary_large_image\" \/>\n<meta name=\"twitter:label1\" content=\"Predpokladan\u00fd \u010das \u010d\u00edtania\" \/>\n\t<meta name=\"twitter:data1\" content=\"1 min\u00fata\" \/>\n<script type=\"application\/ld+json\" class=\"yoast-schema-graph\">{\"@context\":\"https:\\\/\\\/schema.org\",\"@graph\":[{\"@type\":\"WebPage\",\"@id\":\"https:\\\/\\\/finesolution.sk\\\/?lang=en\",\"url\":\"https:\\\/\\\/finesolution.sk\\\/?lang=en\",\"name\":\"About - FINE Solution s.r.o.\",\"isPartOf\":{\"@id\":\"https:\\\/\\\/finesolution.sk\\\/#website\"},\"primaryImageOfPage\":{\"@id\":\"https:\\\/\\\/finesolution.sk\\\/?lang=en#primaryimage\"},\"image\":{\"@id\":\"https:\\\/\\\/finesolution.sk\\\/?lang=en#primaryimage\"},\"thumbnailUrl\":\"https:\\\/\\\/finesolution.sk\\\/wp-content\\\/uploads\\\/2026\\\/03\\\/handshake_big.jpg\",\"datePublished\":\"2026-03-13T11:41:12+00:00\",\"dateModified\":\"2026-03-17T18:18:56+00:00\",\"breadcrumb\":{\"@id\":\"https:\\\/\\\/finesolution.sk\\\/?lang=en#breadcrumb\"},\"inLanguage\":\"sk-SK\",\"potentialAction\":[{\"@type\":\"ReadAction\",\"target\":[\"https:\\\/\\\/finesolution.sk\\\/?lang=en\"]}]},{\"@type\":\"ImageObject\",\"inLanguage\":\"sk-SK\",\"@id\":\"https:\\\/\\\/finesolution.sk\\\/?lang=en#primaryimage\",\"url\":\"https:\\\/\\\/finesolution.sk\\\/wp-content\\\/uploads\\\/2026\\\/03\\\/handshake_big.jpg\",\"contentUrl\":\"https:\\\/\\\/finesolution.sk\\\/wp-content\\\/uploads\\\/2026\\\/03\\\/handshake_big.jpg\",\"width\":1280,\"height\":853},{\"@type\":\"BreadcrumbList\",\"@id\":\"https:\\\/\\\/finesolution.sk\\\/?lang=en#breadcrumb\",\"itemListElement\":[{\"@type\":\"ListItem\",\"position\":1,\"name\":\"Home\",\"item\":\"https:\\\/\\\/finesolution.sk\\\/\"},{\"@type\":\"ListItem\",\"position\":2,\"name\":\"About\"}]},{\"@type\":\"WebSite\",\"@id\":\"https:\\\/\\\/finesolution.sk\\\/#website\",\"url\":\"https:\\\/\\\/finesolution.sk\\\/\",\"name\":\"FINE Solution s.r.o.\",\"description\":\"Po\u010fme spolu n\u00e1js\u0165 FINE rie\u0161enie\",\"publisher\":{\"@id\":\"https:\\\/\\\/finesolution.sk\\\/#organization\"},\"potentialAction\":[{\"@type\":\"SearchAction\",\"target\":{\"@type\":\"EntryPoint\",\"urlTemplate\":\"https:\\\/\\\/finesolution.sk\\\/?s={search_term_string}\"},\"query-input\":{\"@type\":\"PropertyValueSpecification\",\"valueRequired\":true,\"valueName\":\"search_term_string\"}}],\"inLanguage\":\"sk-SK\"},{\"@type\":\"Organization\",\"@id\":\"https:\\\/\\\/finesolution.sk\\\/#organization\",\"name\":\"FINE Solution s.r.o.\",\"url\":\"https:\\\/\\\/finesolution.sk\\\/\",\"logo\":{\"@type\":\"ImageObject\",\"inLanguage\":\"sk-SK\",\"@id\":\"https:\\\/\\\/finesolution.sk\\\/#\\\/schema\\\/logo\\\/image\\\/\",\"url\":\"https:\\\/\\\/finesolution.sk\\\/wp-content\\\/uploads\\\/2024\\\/10\\\/FINE_Solution_logo.png\",\"contentUrl\":\"https:\\\/\\\/finesolution.sk\\\/wp-content\\\/uploads\\\/2024\\\/10\\\/FINE_Solution_logo.png\",\"width\":1300,\"height\":500,\"caption\":\"FINE Solution s.r.o.\"},\"image\":{\"@id\":\"https:\\\/\\\/finesolution.sk\\\/#\\\/schema\\\/logo\\\/image\\\/\"}}]}<\/script>\n<!-- \/ Yoast SEO plugin. -->","yoast_head_json":{"title":"About - FINE Solution s.r.o.","robots":{"index":"index","follow":"follow","max-snippet":"max-snippet:-1","max-image-preview":"max-image-preview:large","max-video-preview":"max-video-preview:-1"},"canonical":"https:\/\/finesolution.sk\/?lang=en","og_locale":"sk_SK","og_type":"article","og_title":"About - FINE Solution s.r.o.","og_description":"FINE Solution s.r.o. is an engineering company built on 15 years of expertise and experience in the automotive industry. As of March 3, 2026, we have a certified ISO 9001 quality management system. Our team consists of highly qualified experts with technical knowledge and a modern approach to solving even the most demanding technical challenges. [&hellip;]","og_url":"https:\/\/finesolution.sk\/?lang=en","og_site_name":"FINE Solution s.r.o.","article_modified_time":"2026-03-17T18:18:56+00:00","og_image":[{"width":1280,"height":853,"url":"https:\/\/finesolution.sk\/wp-content\/uploads\/2026\/03\/handshake_big.jpg","type":"image\/jpeg"}],"twitter_card":"summary_large_image","twitter_misc":{"Predpokladan\u00fd \u010das \u010d\u00edtania":"1 min\u00fata"},"schema":{"@context":"https:\/\/schema.org","@graph":[{"@type":"WebPage","@id":"https:\/\/finesolution.sk\/?lang=en","url":"https:\/\/finesolution.sk\/?lang=en","name":"About - FINE Solution s.r.o.","isPartOf":{"@id":"https:\/\/finesolution.sk\/#website"},"primaryImageOfPage":{"@id":"https:\/\/finesolution.sk\/?lang=en#primaryimage"},"image":{"@id":"https:\/\/finesolution.sk\/?lang=en#primaryimage"},"thumbnailUrl":"https:\/\/finesolution.sk\/wp-content\/uploads\/2026\/03\/handshake_big.jpg","datePublished":"2026-03-13T11:41:12+00:00","dateModified":"2026-03-17T18:18:56+00:00","breadcrumb":{"@id":"https:\/\/finesolution.sk\/?lang=en#breadcrumb"},"inLanguage":"sk-SK","potentialAction":[{"@type":"ReadAction","target":["https:\/\/finesolution.sk\/?lang=en"]}]},{"@type":"ImageObject","inLanguage":"sk-SK","@id":"https:\/\/finesolution.sk\/?lang=en#primaryimage","url":"https:\/\/finesolution.sk\/wp-content\/uploads\/2026\/03\/handshake_big.jpg","contentUrl":"https:\/\/finesolution.sk\/wp-content\/uploads\/2026\/03\/handshake_big.jpg","width":1280,"height":853},{"@type":"BreadcrumbList","@id":"https:\/\/finesolution.sk\/?lang=en#breadcrumb","itemListElement":[{"@type":"ListItem","position":1,"name":"Home","item":"https:\/\/finesolution.sk\/"},{"@type":"ListItem","position":2,"name":"About"}]},{"@type":"WebSite","@id":"https:\/\/finesolution.sk\/#website","url":"https:\/\/finesolution.sk\/","name":"FINE Solution s.r.o.","description":"Po\u010fme spolu n\u00e1js\u0165 FINE rie\u0161enie","publisher":{"@id":"https:\/\/finesolution.sk\/#organization"},"potentialAction":[{"@type":"SearchAction","target":{"@type":"EntryPoint","urlTemplate":"https:\/\/finesolution.sk\/?s={search_term_string}"},"query-input":{"@type":"PropertyValueSpecification","valueRequired":true,"valueName":"search_term_string"}}],"inLanguage":"sk-SK"},{"@type":"Organization","@id":"https:\/\/finesolution.sk\/#organization","name":"FINE Solution s.r.o.","url":"https:\/\/finesolution.sk\/","logo":{"@type":"ImageObject","inLanguage":"sk-SK","@id":"https:\/\/finesolution.sk\/#\/schema\/logo\/image\/","url":"https:\/\/finesolution.sk\/wp-content\/uploads\/2024\/10\/FINE_Solution_logo.png","contentUrl":"https:\/\/finesolution.sk\/wp-content\/uploads\/2024\/10\/FINE_Solution_logo.png","width":1300,"height":500,"caption":"FINE Solution s.r.o."},"image":{"@id":"https:\/\/finesolution.sk\/#\/schema\/logo\/image\/"}}]}},"coauthors":[],"author_meta":{"author_link":"https:\/\/finesolution.sk\/?author=1","display_name":"Fines"},"relative_dates":{"created":"Posted 1 mesiac ago","modified":"Updated 1 mesiac ago"},"absolute_dates":{"created":"Posted on 13. marca 2026","modified":"Updated on 17. marca 2026"},"absolute_dates_time":{"created":"Posted on 13. marca 2026 12:41","modified":"Updated on 17. marca 2026 19:18"},"featured_img_caption":"","featured_img":"https:\/\/finesolution.sk\/wp-content\/uploads\/2026\/03\/handshake_big.jpg","series_order":"","_links":{"self":[{"href":"https:\/\/finesolution.sk\/index.php?rest_route=\/wp\/v2\/pages\/365","targetHints":{"allow":["GET"]}}],"collection":[{"href":"https:\/\/finesolution.sk\/index.php?rest_route=\/wp\/v2\/pages"}],"about":[{"href":"https:\/\/finesolution.sk\/index.php?rest_route=\/wp\/v2\/types\/page"}],"author":[{"embeddable":true,"href":"https:\/\/finesolution.sk\/index.php?rest_route=\/wp\/v2\/users\/1"}],"replies":[{"embeddable":true,"href":"https:\/\/finesolution.sk\/index.php?rest_route=%2Fwp%2Fv2%2Fcomments&post=365"}],"version-history":[{"count":5,"href":"https:\/\/finesolution.sk\/index.php?rest_route=\/wp\/v2\/pages\/365\/revisions"}],"predecessor-version":[{"id":385,"href":"https:\/\/finesolution.sk\/index.php?rest_route=\/wp\/v2\/pages\/365\/revisions\/385"}],"wp:featuredmedia":[{"embeddable":true,"href":"https:\/\/finesolution.sk\/index.php?rest_route=\/wp\/v2\/media\/322"}],"wp:attachment":[{"href":"https:\/\/finesolution.sk\/index.php?rest_route=%2Fwp%2Fv2%2Fmedia&parent=365"}],"curies":[{"name":"wp","href":"https:\/\/api.w.org\/{rel}","templated":true}]}}